{"id":79250,"date":"2021-04-19T23:55:02","date_gmt":"2021-04-19T23:55:02","guid":{"rendered":"https:\/\/www.tawk.to\/?page_id=79250"},"modified":"2021-10-01T16:19:13","modified_gmt":"2021-10-01T16:19:13","slug":"creating-articles-in-different-languages","status":"publish","type":"page","link":"https:\/\/www.tawk.to\/tr\/creating-articles-in-different-languages\/","title":{"rendered":"Creating Articles in Different Languages"},"content":{"rendered":"\t\t<div data-elementor-type=\"wp-page\" data-elementor-id=\"79250\" class=\"elementor elementor-79250 elementor-79246\" data-elementor-settings=\"{&quot;ha_cmc_init_switcher&quot;:&quot;no&quot;}\" data-elementor-post-type=\"page\">\n\t\t\t\t\t\t<section class=\"elementor-section elementor-top-section elementor-element elementor-element-d17127d elementor-section-stretched elementor-section-boxed elementor-section-height-default elementor-section-height-default\" data-id=\"d17127d\" data-element_type=\"section\" data-e-type=\"section\" data-settings=\"{&quot;stretch_section&quot;:&quot;section-stretched&quot;,&quot;background_background&quot;:&quot;classic&quot;,&quot;_ha_eqh_enable&quot;:false}\">\n\t\t\t\t\t\t\t<div class=\"elementor-background-overlay\"><\/div>\n\t\t\t\t\t\t\t<div class=\"elementor-container elementor-column-gap-default\">\n\t\t\t\t\t<div class=\"elementor-column elementor-col-100 elementor-top-column elementor-element elementor-element-a47dda1\" data-id=\"a47dda1\" data-element_type=\"column\" data-e-type=\"column\">\n\t\t\t<div class=\"elementor-widget-wrap elementor-element-populated\">\n\t\t\t\t\t\t<div class=\"elementor-element elementor-element-dff23da elementor-widget elementor-widget-heading\" data-id=\"dff23da\" data-element_type=\"widget\" data-e-type=\"widget\" data-widget_type=\"heading.default\">\n\t\t\t\t<div class=\"elementor-widget-container\">\n\t\t\t\t\t<h3 class=\"elementor-heading-title elementor-size-default\">Bilgi Taban\u0131<\/h3>\t\t\t\t<\/div>\n\t\t\t\t<\/div>\n\t\t\t\t<div class=\"elementor-element elementor-element-e98d091 elementor-widget elementor-widget-heading\" data-id=\"e98d091\" data-element_type=\"widget\" data-e-type=\"widget\" data-widget_type=\"heading.default\">\n\t\t\t\t<div class=\"elementor-widget-container\">\n\t\t\t\t\t<h4 class=\"elementor-heading-title elementor-size-default\">3. Farkl\u0131 dillerde makaleler olu\u015fturma<\/h4>\t\t\t\t<\/div>\n\t\t\t\t<\/div>\n\t\t\t\t\t<\/div>\n\t\t<\/div>\n\t\t\t\t\t<\/div>\n\t\t<\/section>\n\t\t\t\t<section class=\"elementor-section elementor-top-section elementor-element elementor-element-c2ac440 elementor-section-stretched elementor-section-boxed elementor-section-height-default elementor-section-height-default\" data-id=\"c2ac440\" data-element_type=\"section\" data-e-type=\"section\" data-settings=\"{&quot;stretch_section&quot;:&quot;section-stretched&quot;,&quot;background_background&quot;:&quot;classic&quot;,&quot;_ha_eqh_enable&quot;:false}\">\n\t\t\t\t\t\t<div class=\"elementor-container elementor-column-gap-no\">\n\t\t\t\t\t<div class=\"elementor-column elementor-col-33 elementor-top-column elementor-element elementor-element-bda6d00 elementor-hidden-phone\" data-id=\"bda6d00\" data-element_type=\"column\" data-e-type=\"column\" data-settings=\"{&quot;background_background&quot;:&quot;classic&quot;}\">\n\t\t\t<div class=\"elementor-widget-wrap elementor-element-populated\">\n\t\t\t\t\t\t<div class=\"elementor-element elementor-element-bdcac60 elementor-widget elementor-widget-spacer\" data-id=\"bdcac60\" data-element_type=\"widget\" data-e-type=\"widget\" data-widget_type=\"spacer.default\">\n\t\t\t\t<div class=\"elementor-widget-container\">\n\t\t\t\t\t\t\t<div class=\"elementor-spacer\">\n\t\t\t<div class=\"elementor-spacer-inner\"><\/div>\n\t\t<\/div>\n\t\t\t\t\t\t<\/div>\n\t\t\t\t<\/div>\n\t\t\t\t<div class=\"elementor-element elementor-element-b5d7173 elementor-position-inline-start elementor-view-default elementor-mobile-position-block-start elementor-widget elementor-widget-icon-box\" data-id=\"b5d7173\" data-element_type=\"widget\" data-e-type=\"widget\" data-widget_type=\"icon-box.default\">\n\t\t\t\t<div class=\"elementor-widget-container\">\n\t\t\t\t\t\t\t<div class=\"elementor-icon-box-wrapper\">\n\n\t\t\t\t\t\t<div class=\"elementor-icon-box-icon\">\n\t\t\t\t<span  class=\"elementor-icon\">\n\t\t\t\t<i aria-hidden=\"true\" class=\"fas fa-list\"><\/i>\t\t\t\t<\/span>\n\t\t\t<\/div>\n\t\t\t\n\t\t\t\t\t\t<div class=\"elementor-icon-box-content\">\n\n\t\t\t\t\t\t\t\t\t<h6 class=\"elementor-icon-box-title\">\n\t\t\t\t\t\t<span  >\n\t\t\t\t\t\t\t\u0130\u00e7erik\t\t\t\t\t\t<\/span>\n\t\t\t\t\t<\/h6>\n\t\t\t\t\n\t\t\t\t\n\t\t\t<\/div>\n\t\t\t\n\t\t<\/div>\n\t\t\t\t\t\t<\/div>\n\t\t\t\t<\/div>\n\t\t\t\t<div class=\"elementor-element elementor-element-167ac24 elementor-nav-menu__align-start elementor-nav-menu--stretch elementor-nav-menu__text-align-center elementor-nav-menu--dropdown-tablet ha-has-bg-overlay elementor-widget elementor-widget-nav-menu\" data-id=\"167ac24\" data-element_type=\"widget\" data-e-type=\"widget\" data-settings=\"{&quot;full_width&quot;:&quot;stretch&quot;,&quot;layout&quot;:&quot;vertical&quot;,&quot;submenu_icon&quot;:{&quot;value&quot;:&quot;&lt;i class=\\&quot;fas fa-caret-down\\&quot; aria-hidden=\\&quot;true\\&quot;&gt;&lt;\\\/i&gt;&quot;,&quot;library&quot;:&quot;fa-solid&quot;}}\" data-widget_type=\"nav-menu.default\">\n\t\t\t\t<div class=\"elementor-widget-container\">\n\t\t\t\t\t\t\t\t<nav aria-label=\"Men\u00fc\" class=\"elementor-nav-menu--main elementor-nav-menu__container elementor-nav-menu--layout-vertical e--pointer-background e--animation-fade\">\n\t\t\t\t<ul id=\"menu-1-167ac24\" class=\"elementor-nav-menu sm-vertical\"><li class=\"menu-item menu-item-type-custom menu-item-object-custom menu-item-87324\"><a href=\"https:\/\/www.tawk.to\/tr\/knowledge-base\/\" class=\"elementor-item\"><p> 1. BT\u2019nizin kurulumu<br><span class=\"video-mins\"> 6min <\/span><\/p><\/a><\/li>\n<li class=\"menu-item menu-item-type-custom menu-item-object-custom menu-item-87325\"><a href=\"https:\/\/www.tawk.to\/tr\/adding-categories-and-articles\/\" class=\"elementor-item\"><p> 2. Kategori ve makale  <br><span class=\"video-mins\">ekleme<\/span> <br> <span class=\"video-mins\">5min <\/span><\/p><\/a><\/li>\n<li class=\"menu-item menu-item-type-custom menu-item-object-custom menu-item-87326\"><a href=\"https:\/\/www.tawk.to\/tr\/creating-articles-in-different-languages\/\" class=\"elementor-item\"><p>3. Farkl\u0131 dillerde makaleler <br><span class=\"video-mins\">olu\u015fturma  <\/span> <br> <span class=\"video-mins\">3min <\/span><\/p><\/a><\/li>\n<\/ul>\t\t\t<\/nav>\n\t\t\t\t\t\t<nav class=\"elementor-nav-menu--dropdown elementor-nav-menu__container\" aria-hidden=\"true\">\n\t\t\t\t<ul id=\"menu-2-167ac24\" class=\"elementor-nav-menu sm-vertical\"><li class=\"menu-item menu-item-type-custom menu-item-object-custom menu-item-87324\"><a href=\"https:\/\/www.tawk.to\/tr\/knowledge-base\/\" class=\"elementor-item\" tabindex=\"-1\"><p> 1. BT\u2019nizin kurulumu<br><span class=\"video-mins\"> 6min <\/span><\/p><\/a><\/li>\n<li class=\"menu-item menu-item-type-custom menu-item-object-custom menu-item-87325\"><a href=\"https:\/\/www.tawk.to\/tr\/adding-categories-and-articles\/\" class=\"elementor-item\" tabindex=\"-1\"><p> 2. Kategori ve makale  <br><span class=\"video-mins\">ekleme<\/span> <br> <span class=\"video-mins\">5min <\/span><\/p><\/a><\/li>\n<li class=\"menu-item menu-item-type-custom menu-item-object-custom menu-item-87326\"><a href=\"https:\/\/www.tawk.to\/tr\/creating-articles-in-different-languages\/\" class=\"elementor-item\" tabindex=\"-1\"><p>3. Farkl\u0131 dillerde makaleler <br><span class=\"video-mins\">olu\u015fturma  <\/span> <br> <span class=\"video-mins\">3min <\/span><\/p><\/a><\/li>\n<\/ul>\t\t\t<\/nav>\n\t\t\t\t\t\t<\/div>\n\t\t\t\t<\/div>\n\t\t\t\t\t<\/div>\n\t\t<\/div>\n\t\t\t\t<div class=\"elementor-column elementor-col-66 elementor-top-column elementor-element elementor-element-fd76c31\" data-id=\"fd76c31\" data-element_type=\"column\" data-e-type=\"column\" data-settings=\"{&quot;background_background&quot;:&quot;classic&quot;}\">\n\t\t\t<div class=\"elementor-widget-wrap elementor-element-populated\">\n\t\t\t\t\t\t<div class=\"elementor-element elementor-element-445d222 elementor-widget elementor-widget-video\" data-id=\"445d222\" data-element_type=\"widget\" data-e-type=\"widget\" data-settings=\"{&quot;youtube_url&quot;:&quot;https:\\\/\\\/youtu.be\\\/ZULnqSt0B1g&quot;,&quot;video_type&quot;:&quot;youtube&quot;,&quot;controls&quot;:&quot;yes&quot;}\" data-widget_type=\"video.default\">\n\t\t\t\t<div class=\"elementor-widget-container\">\n\t\t\t\t\t\t\t<div class=\"elementor-wrapper elementor-open-inline\">\n\t\t\t<div class=\"elementor-video\"><\/div>\t\t<\/div>\n\t\t\t\t\t\t<\/div>\n\t\t\t\t<\/div>\n\t\t\t\t<section class=\"elementor-section elementor-inner-section elementor-element elementor-element-5cae969 elementor-section-boxed elementor-section-height-default elementor-section-height-default\" data-id=\"5cae969\" data-element_type=\"section\" data-e-type=\"section\" data-settings=\"{&quot;_ha_eqh_enable&quot;:false}\">\n\t\t\t\t\t\t<div class=\"elementor-container elementor-column-gap-narrow\">\n\t\t\t\t\t<div class=\"elementor-column elementor-col-12 elementor-inner-column elementor-element elementor-element-decc91d\" data-id=\"decc91d\" data-element_type=\"column\" data-e-type=\"column\">\n\t\t\t<div class=\"elementor-widget-wrap\">\n\t\t\t\t\t\t\t<\/div>\n\t\t<\/div>\n\t\t\t\t<div class=\"elementor-column elementor-col-12 elementor-inner-column elementor-element elementor-element-1da1cb9\" data-id=\"1da1cb9\" data-element_type=\"column\" data-e-type=\"column\">\n\t\t\t<div class=\"elementor-widget-wrap\">\n\t\t\t\t\t\t\t<\/div>\n\t\t<\/div>\n\t\t\t\t<div class=\"elementor-column elementor-col-12 elementor-inner-column elementor-element elementor-element-1468676\" data-id=\"1468676\" data-element_type=\"column\" data-e-type=\"column\">\n\t\t\t<div class=\"elementor-widget-wrap\">\n\t\t\t\t\t\t\t<\/div>\n\t\t<\/div>\n\t\t\t\t<div class=\"elementor-column elementor-col-12 elementor-inner-column elementor-element elementor-element-f9f04fe\" data-id=\"f9f04fe\" data-element_type=\"column\" data-e-type=\"column\">\n\t\t\t<div class=\"elementor-widget-wrap elementor-element-populated\">\n\t\t\t\t\t\t<div class=\"elementor-element elementor-element-51cef1ac elementor-align-justify elementor-widget elementor-widget-button\" data-id=\"51cef1ac\" data-element_type=\"widget\" data-e-type=\"widget\" data-widget_type=\"button.default\">\n\t\t\t\t<div class=\"elementor-widget-container\">\n\t\t\t\t\t\t\t\t\t<div class=\"elementor-button-wrapper\">\n\t\t\t\t\t<a class=\"elementor-button elementor-button-link elementor-size-xs\" href=\"https:\/\/www.tawk.to\/tr\/academy\/adding-categories-and-articles\/\">\n\t\t\t\t\t\t<span class=\"elementor-button-content-wrapper\">\n\t\t\t\t\t\t<span class=\"elementor-button-icon\">\n\t\t\t\t<i aria-hidden=\"true\" class=\"fas fa-chevron-left\"><\/i>\t\t\t<\/span>\n\t\t\t\t\t\t\t\t\t<span class=\"elementor-button-text\">Previous<\/span>\n\t\t\t\t\t<\/span>\n\t\t\t\t\t<\/a>\n\t\t\t\t<\/div>\n\t\t\t\t\t\t\t\t<\/div>\n\t\t\t\t<\/div>\n\t\t\t\t\t<\/div>\n\t\t<\/div>\n\t\t\t\t<div class=\"elementor-column elementor-col-12 elementor-inner-column elementor-element elementor-element-ca1fe01\" data-id=\"ca1fe01\" data-element_type=\"column\" data-e-type=\"column\">\n\t\t\t<div class=\"elementor-widget-wrap\">\n\t\t\t\t\t\t\t<\/div>\n\t\t<\/div>\n\t\t\t\t<div class=\"elementor-column elementor-col-12 elementor-inner-column elementor-element elementor-element-ccafed1\" data-id=\"ccafed1\" data-element_type=\"column\" data-e-type=\"column\">\n\t\t\t<div class=\"elementor-widget-wrap\">\n\t\t\t\t\t\t\t<\/div>\n\t\t<\/div>\n\t\t\t\t<div class=\"elementor-column elementor-col-12 elementor-inner-column elementor-element elementor-element-e44145d\" data-id=\"e44145d\" data-element_type=\"column\" data-e-type=\"column\">\n\t\t\t<div class=\"elementor-widget-wrap\">\n\t\t\t\t\t\t\t<\/div>\n\t\t<\/div>\n\t\t\t\t<div class=\"elementor-column elementor-col-12 elementor-inner-column elementor-element elementor-element-3d5b71f\" data-id=\"3d5b71f\" data-element_type=\"column\" data-e-type=\"column\">\n\t\t\t<div class=\"elementor-widget-wrap\">\n\t\t\t\t\t\t\t<\/div>\n\t\t<\/div>\n\t\t\t\t\t<\/div>\n\t\t<\/section>\n\t\t\t\t<div class=\"elementor-element elementor-element-b8401cd elementor-hidden-phone elementor-tabs-view-horizontal elementor-widget elementor-widget-tabs\" data-id=\"b8401cd\" data-element_type=\"widget\" data-e-type=\"widget\" id=\"h-tabs\" data-widget_type=\"tabs.default\">\n\t\t\t\t<div class=\"elementor-widget-container\">\n\t\t\t\t\t\t\t<div class=\"elementor-tabs\">\n\t\t\t<div class=\"elementor-tabs-wrapper\" role=\"tablist\" >\n\t\t\t\t\t\t\t\t\t<div id=\"elementor-tab-title-1931\" class=\"elementor-tab-title elementor-tab-desktop-title\" aria-selected=\"true\" data-tab=\"1\" role=\"tab\" tabindex=\"0\" aria-controls=\"elementor-tab-content-1931\" aria-expanded=\"false\">Description<\/div>\n\t\t\t\t\t\t\t<\/div>\n\t\t\t<div class=\"elementor-tabs-content-wrapper\" role=\"tablist\" aria-orientation=\"vertical\">\n\t\t\t\t\t\t\t\t\t<div class=\"elementor-tab-title elementor-tab-mobile-title\" aria-selected=\"true\" data-tab=\"1\" role=\"tab\" tabindex=\"0\" aria-controls=\"elementor-tab-content-1931\" aria-expanded=\"false\">Description<\/div>\n\t\t\t\t\t<div id=\"elementor-tab-content-1931\" class=\"elementor-tab-content elementor-clearfix\" data-tab=\"1\" role=\"tabpanel\" aria-labelledby=\"elementor-tab-title-1931\" tabindex=\"0\" hidden=\"false\"><h4><strong>Farkl\u0131 dillerde makaleler olu\u015fturma<\/strong><\/h4><p><span style=\"font-weight: 400;\">Bu videoda size Bilgi Taban\u0131n\u0131 birden \u00e7ok dilde nas\u0131l kurabilece\u011finizi g\u00f6sterece\u011fim.<\/span><\/p><p><span style=\"font-weight: 400;\">Sol taraftaki Bilgi Taban\u0131 men\u00fcs\u00fcnden bir makale olu\u015fturdu\u011fumuzu g\u00f6rebilirsiniz: \u201cRoket nedir?\u201d Bilgi taban\u0131n\u0131z\u0131 yap\u0131land\u0131rabilece\u011finiz ve kurabilece\u011finiz orijinal men\u00fcye geri d\u00f6n\u00fcn. Sa\u011f \u00fcst k\u00f6\u015fedeki D\u00fczenle butonuna t\u0131klaman\u0131z yeterlidir.<\/span><\/p><p><span style=\"font-weight: 400;\">\u0130lk ad\u0131m, asl\u0131nda birden \u00e7ok dil i\u00e7in bilgi taban\u0131n\u0131 kurmakt\u0131r. Buradaki men\u00fc \u00f6\u011fesinde, Yerelle\u015ftirmede, Diller&#8217;e t\u0131klay\u0131n. Ard\u0131ndan Bilgi taban\u0131n\u0131zda olmas\u0131n\u0131 istedi\u011finiz dilleri ekleyin. Hadi, \u0130spanyolca i\u00e7in ayarlayal\u0131m. Daha sonra burada dile g\u00f6re Meta A\u00e7\u0131klama, Ba\u015fl\u0131k ve Alt Ba\u015fl\u0131k olu\u015fturabilir ve dil baz\u0131nda kontrol edebiliriz. Dile ba\u011fl\u0131 olarak ziyaret\u00e7ilerin bilet olu\u015fturabilmesini isteyip istemedi\u011finizi de se\u00e7ebilirsiniz. Bunu yapt\u0131ktan sonra, \u00e7arp\u0131 simgesine (x) t\u0131klay\u0131n. Ard\u0131ndan sol taraftaki Bilgi Taban\u0131 se\u00e7ene\u011fine t\u0131klay\u0131n.<\/span><\/p><p><span style=\"font-weight: 400;\">\u0130kinci ad\u0131m, kategorileri \u0130spanyolca veya di\u011fer dillerde ayarlamakt\u0131r. Bu y\u00fczden sol \u00fcstteki Kategoriler&#8217;e t\u0131klay\u0131n. Diyelim ki bu makaleyi \u0130spanyolca olarak \u00e7o\u011faltaca\u011f\u0131z. \u0130spanyolca kategori olu\u015fturmak i\u00e7in art\u0131 i\u015faretine t\u0131klayal\u0131m. \u015eimdi, \u0130spanyolca bir ba\u015fka roket \u201cCohete\u201d. A\u00e7\u0131klama olarak Roket nedirin \u0130spanyolcas\u0131n\u0131 yazal\u0131m., \u201c\u00bfQu\u00e9 es un cohete?.\u201d. \u0130stersek bir simge ekleyebiliriz. Bitirdikten sonra, Kategori Olu\u015ftur&#8217;a t\u0131klay\u0131n, ard\u0131ndan geri d\u00f6n\u00fcn. Roket kategorimizi \u0130ngilizce ve \u0130spanyolca olarak olu\u015fturduk.<\/span><\/p><p><span style=\"font-weight: 400;\">\u00dc\u00e7\u00fcnc\u00fc ad\u0131m, bir makale olu\u015fturmakt\u0131r. Diyelim ki &#8220;Roket nedir?&#8221; isimli \u0130spanyolca bir makale olu\u015fturmak istiyoruz. Bu y\u00fczden dillerin alt\u0131ndaki, art\u0131 \u201c+\u201d butonuna t\u0131klaman\u0131z ve \u0130spanyolcay\u0131 se\u00e7meniz yeterlidir. Art\u0131k yaz\u0131m\u0131z\u0131 terc\u00fcme edebiliriz. Yaz\u0131n\u0131n ilgili b\u00f6l\u00fcm\u00fcn\u00fc buradan da alabiliriz. Sonra paragraf\u0131m\u0131z\u0131 ekleyebiliriz ve devam edip makalenizi olu\u015fturabilirsiniz. Bunu yapt\u0131ktan sonra, se\u00e7ilmesi gereken kategori \u0130spanyolca Rocketler yani \u201cCohete\u201d. \u0130spanyolca dil se\u00e7ildi. Ve \u015fimdi makalemizi yay\u0131nlayaca\u011f\u0131z.<\/span><\/p><p><span style=\"font-weight: 400;\">\u015eimdi, Yard\u0131m Merkezimizde, en \u00fcstte \u0130ngilizce veya \u0130talyanca dil se\u00e7enekleri oldu\u011funu g\u00f6rebiliriz. Bileti buradan g\u00f6nderme se\u00e7ene\u011finiz var, Roket veya Razzi kategorimiz var ve makalemiz burada. Bu kadar kolay!<\/span><\/p><\/div>\n\t\t\t\t\t\t\t<\/div>\n\t\t<\/div>\n\t\t\t\t\t\t<\/div>\n\t\t\t\t<\/div>\n\t\t\t\t<div class=\"elementor-element elementor-element-b5eb1f5 elementor-hidden-desktop elementor-hidden-tablet elementor-tabs-view-horizontal elementor-widget elementor-widget-tabs\" data-id=\"b5eb1f5\" data-element_type=\"widget\" data-e-type=\"widget\" id=\"h-tabs\" data-widget_type=\"tabs.default\">\n\t\t\t\t<div class=\"elementor-widget-container\">\n\t\t\t\t\t\t\t<div class=\"elementor-tabs\">\n\t\t\t<div class=\"elementor-tabs-wrapper\" role=\"tablist\" >\n\t\t\t\t\t\t\t\t\t<div id=\"elementor-tab-title-1901\" class=\"elementor-tab-title elementor-tab-desktop-title\" aria-selected=\"true\" data-tab=\"1\" role=\"tab\" tabindex=\"0\" aria-controls=\"elementor-tab-content-1901\" aria-expanded=\"false\">Description<\/div>\n\t\t\t\t\t\t\t\t\t<div id=\"elementor-tab-title-1902\" class=\"elementor-tab-title elementor-tab-desktop-title\" aria-selected=\"false\" data-tab=\"2\" role=\"tab\" tabindex=\"-1\" aria-controls=\"elementor-tab-content-1902\" aria-expanded=\"false\">Contents<\/div>\n\t\t\t\t\t\t\t<\/div>\n\t\t\t<div class=\"elementor-tabs-content-wrapper\" role=\"tablist\" aria-orientation=\"vertical\">\n\t\t\t\t\t\t\t\t\t<div class=\"elementor-tab-title elementor-tab-mobile-title\" aria-selected=\"true\" data-tab=\"1\" role=\"tab\" tabindex=\"0\" aria-controls=\"elementor-tab-content-1901\" aria-expanded=\"false\">Description<\/div>\n\t\t\t\t\t<div id=\"elementor-tab-content-1901\" class=\"elementor-tab-content elementor-clearfix\" data-tab=\"1\" role=\"tabpanel\" aria-labelledby=\"elementor-tab-title-1901\" tabindex=\"0\" hidden=\"false\"><h4><strong>Widget design<\/strong><\/h4>\n<p>Hey, everyone. In this video, we are going to cover widget design \u2014 how the widget looks on your website.<\/p>\n<p>You can completely customize the design of your tawk.to widget.<\/p>\n<p>Click on the GEAR ICON in the bottom left-hand corner of the dashboard. Then click CHAT WIDGET. Under Widget Appearance, click ADVANCED.<\/p>\n<p>From here you can change the following:<\/p>\n<p>\u2013 Where the widget is positioned on your website<br \/>\u2013 The type of widget for desktop and mobile<br \/>\u2013 The size of the widget, both when it\u2019s minimized and maximized<br \/>\u2013 The color of the widget<\/p>\n<p>You can even add an Attention Grabber to your widget. Check it out \u2014 there are so many to choose from. If you prefer, you can upload your own image as the Attention Grabber.<\/p>\n<p>When considering your widget design, I want you to keep in mind these three tips:<\/p>\n<p>1. Always try and place your widget in the bottom right-hand corner of your screen of the website. It\u2019s where your visitors are going to look for it.<\/p>\n<p>2. There\u2019s a tendency to make the chat widget the same color as your website or to make it blend really well with the website. This can be a huge mistake because it camouflages the widget and then people don\u2019t actually notice it. Instead, you want your chat widget to stand out.<\/p>\n<p>People report higher feelings of trust and confidence when they see that live chat is available on a website. So you have to make sure that they know it\u2019s there. And this leads to my next point &#8230;<\/p>\n<p>3. Use an Attention Grabber. It\u2019s going to make your chat widget stand out, and as I mentioned, you can even upload your own image if you prefer.<\/p>\n<p>Finally, once you\u2019ve created your design, don\u2019t forget to go back to your website and check it out. See how it looks. Make sure you scroll up and down the page and visit other pages as well to make sure it fits with your website.<\/p>\n<p>For more information or for links to the relevant articles in our Help Center, please check out the resources below. We also have 24&#215;7 live chat available on our website.<\/p>\n<p>Up next, we\u2019re going to talk about \u201cbeing online\u201d for when those chats come in.<\/p>\n<p>\u00a0<\/p>\n<p><span style=\"font-weight: 400;\">Learn More:<\/span><\/p>\n<p><a href=\"https:\/\/help.tawk.to\/article\/changing-the-appearance-of-the-chat-widget\"><span style=\"font-weight: 400;\">Changing the appearance of the chat widget<\/span><\/a><\/p>\n<p><a href=\"https:\/\/help.tawk.to\/article\/enabling-the-attention-grabber\"><span style=\"font-weight: 400;\">Enabling the Attention Grabber<\/span><\/a><\/p>\n<\/div>\n\t\t\t\t\t\t\t\t\t<div class=\"elementor-tab-title elementor-tab-mobile-title\" aria-selected=\"false\" data-tab=\"2\" role=\"tab\" tabindex=\"-1\" aria-controls=\"elementor-tab-content-1902\" aria-expanded=\"false\">Contents<\/div>\n\t\t\t\t\t<div id=\"elementor-tab-content-1902\" class=\"elementor-tab-content elementor-clearfix\" data-tab=\"2\" role=\"tabpanel\" aria-labelledby=\"elementor-tab-title-1902\" tabindex=\"0\" hidden=\"hidden\"><div style=\"padding:10px 30px;\">\n<h6><strong>Widget Design<\/strong><\/h6>\n<p><a href=\"https:\/\/www.tawk.to\/introduction\/?lang=tr\">Introduction<\/a> <span class=\"sm-txt\">Video: 30s<\/span><\/p>\n<p><a href=\"https:\/\/www.tawk.to\/widget-design\/?lang=tr\">Widget Design<\/a> <span class=\"sm-txt\">Video: 3min<\/p>\n<p><a href=\"https:\/\/www.tawk.to\/online-offline\/?lang=tr\">Online Offline<\/a> <span class=\"sm-txt\">Video: 4min<\/span><\/p>\n<p><a href=\"https:\/\/www.tawk.to\/pre-chat-form\/?lang=tr\">Pre-Chat Form<\/a> <span class=\"sm-txt\">Video: 3min<\/span><\/span><\/p>\n<p><a href=\"https:\/\/www.tawk.to\/triggers\/?lang=tr\">Triggers<\/a> <span class=\"sm-txt\">Video: 3min<\/p>\n<p><a href=\"https:\/\/www.tawk.to\/responding-to-chats\/?lang=tr\">Responding To Chats<\/a> <span class=\"sm-txt\">Video: 2min<\/span><\/p>\n<p><a href=\"https:\/\/www.tawk.to\/shortcuts-and-tabs\/?lang=tr\">Shortcuts And Tabs<\/a> <span class=\"sm-txt\">Video: 3min<\/span><\/p>\n<p><a href=\"https:\/\/www.tawk.to\/three-tips-for-great-chats\/?lang=tr\">Three Tips<\/a> <span class=\"sm-txt\">Video: 2min<\/span><\/p>\n<p><a href=\"https:\/\/www.tawk.to\/collaborating-with-your-team\/?lang=tr\">Team Collaborating<\/a> <span class=\"sm-txt\">Video: 3min<\/span><\/p>\n<p><a href=\"https:\/\/www.tawk.to\/tr\/ozellikler-2\/?lang=tr\">Features<\/a> <span class=\"sm-txt\">Video: 4min<\/span><\/p>\n<p><a href=\"https:\/\/www.tawk.to\/conclusion\/?lang=tr\">Conclusion<\/a> <span class=\"sm-txt\">Video: 1min<\/span><\/p>\n<\/div>\n<\/div>\n\t\t\t\t\t\t\t<\/div>\n\t\t<\/div>\n\t\t\t\t\t\t<\/div>\n\t\t\t\t<\/div>\n\t\t\t\t\t<\/div>\n\t\t<\/div>\n\t\t\t\t\t<\/div>\n\t\t<\/section>\n\t\t\t\t<\/div>\n\t\t","protected":false},"excerpt":{"rendered":"<p>Bilgi Taban\u0131 3. Farkl\u0131 dillerde makaleler olu\u015fturma \u0130\u00e7erik Previous Description Description Farkl\u0131 dillerde makaleler olu\u015fturma Bu videoda size Bilgi Taban\u0131n\u0131 birden \u00e7ok dilde nas\u0131l kurabilece\u011finizi g\u00f6sterece\u011fim. Sol taraftaki Bilgi Taban\u0131 men\u00fcs\u00fcnden bir makale olu\u015fturdu\u011fumuzu g\u00f6rebilirsiniz: \u201cRoket nedir?\u201d Bilgi taban\u0131n\u0131z\u0131 yap\u0131land\u0131rabilece\u011finiz ve kurabilece\u011finiz orijinal men\u00fcye geri d\u00f6n\u00fcn. Sa\u011f \u00fcst k\u00f6\u015fedeki D\u00fczenle butonuna t\u0131klaman\u0131z yeterlidir. \u0130lk ad\u0131m, [&hellip;]<\/p>\n","protected":false},"author":38,"featured_media":0,"parent":0,"menu_order":0,"comment_status":"closed","ping_status":"closed","template":"","meta":{"_acf_changed":false,"footnotes":""},"class_list":["post-79250","page","type-page","status-publish","hentry"],"acf":[],"_links":{"self":[{"href":"https:\/\/www.tawk.to\/tr\/wp-json\/wp\/v2\/pages\/79250","targetHints":{"allow":["GET"]}}],"collection":[{"href":"https:\/\/www.tawk.to\/tr\/wp-json\/wp\/v2\/pages"}],"about":[{"href":"https:\/\/www.tawk.to\/tr\/wp-json\/wp\/v2\/types\/page"}],"author":[{"embeddable":true,"href":"https:\/\/www.tawk.to\/tr\/wp-json\/wp\/v2\/users\/38"}],"replies":[{"embeddable":true,"href":"https:\/\/www.tawk.to\/tr\/wp-json\/wp\/v2\/comments?post=79250"}],"version-history":[{"count":17,"href":"https:\/\/www.tawk.to\/tr\/wp-json\/wp\/v2\/pages\/79250\/revisions"}],"predecessor-version":[{"id":91399,"href":"https:\/\/www.tawk.to\/tr\/wp-json\/wp\/v2\/pages\/79250\/revisions\/91399"}],"wp:attachment":[{"href":"https:\/\/www.tawk.to\/tr\/wp-json\/wp\/v2\/media?parent=79250"}],"curies":[{"name":"wp","href":"https:\/\/api.w.org\/{rel}","templated":true}]}}