{"id":76521,"date":"2021-03-11T11:02:47","date_gmt":"2021-03-11T11:02:47","guid":{"rendered":"https:\/\/www.tawk.to\/mobil-uygulamalar\/"},"modified":"2021-03-11T11:16:45","modified_gmt":"2021-03-11T11:16:45","slug":"mobil-uygulamalar","status":"publish","type":"page","link":"https:\/\/www.tawk.to\/tr\/mobil-uygulamalar\/","title":{"rendered":"Mobil Uygulamalar"},"content":{"rendered":"\t\t<div data-elementor-type=\"wp-page\" data-elementor-id=\"76521\" class=\"elementor elementor-76521 elementor-43889\" data-elementor-settings=\"{&quot;ha_cmc_init_switcher&quot;:&quot;no&quot;}\" data-elementor-post-type=\"page\">\n\t\t\t\t\t\t<section class=\"elementor-section elementor-top-section elementor-element elementor-element-7921369 elementor-section-boxed elementor-section-height-default elementor-section-height-default\" data-id=\"7921369\" data-element_type=\"section\" data-e-type=\"section\" data-settings=\"{&quot;_ha_eqh_enable&quot;:false}\">\n\t\t\t\t\t\t<div class=\"elementor-container elementor-column-gap-default\">\n\t\t\t\t\t<div class=\"elementor-column elementor-col-100 elementor-top-column elementor-element elementor-element-475c210\" data-id=\"475c210\" data-element_type=\"column\" data-e-type=\"column\">\n\t\t\t<div class=\"elementor-widget-wrap elementor-element-populated\">\n\t\t\t\t\t\t<div class=\"elementor-element elementor-element-78390c8 elementor-widget elementor-widget-heading\" data-id=\"78390c8\" data-element_type=\"widget\" data-e-type=\"widget\" data-widget_type=\"heading.default\">\n\t\t\t\t<div class=\"elementor-widget-container\">\n\t\t\t\t\t<h1 class=\"elementor-heading-title elementor-size-default\">M\u00fc\u015fterilerinize her yerden mesaj g\u00f6nderin<\/h1>\t\t\t\t<\/div>\n\t\t\t\t<\/div>\n\t\t\t\t<div class=\"elementor-element elementor-element-2da47e2 elementor-widget elementor-widget-heading\" data-id=\"2da47e2\" data-element_type=\"widget\" data-e-type=\"widget\" data-widget_type=\"heading.default\">\n\t\t\t\t<div class=\"elementor-widget-container\">\n\t\t\t\t\t<h6 class=\"elementor-heading-title elementor-size-default\">Masan\u0131zda olmasan\u0131z bile h\u0131zl\u0131 ve ki\u015fisel bir hizmet sunun<\/h6>\t\t\t\t<\/div>\n\t\t\t\t<\/div>\n\t\t\t\t\t<\/div>\n\t\t<\/div>\n\t\t\t\t\t<\/div>\n\t\t<\/section>\n\t\t\t\t<section class=\"elementor-section elementor-top-section elementor-element elementor-element-4d0a88c elementor-section-boxed elementor-section-height-default elementor-section-height-default\" data-id=\"4d0a88c\" data-element_type=\"section\" data-e-type=\"section\" data-settings=\"{&quot;_ha_eqh_enable&quot;:false}\">\n\t\t\t\t\t\t<div class=\"elementor-container elementor-column-gap-default\">\n\t\t\t\t\t<div class=\"elementor-column elementor-col-25 elementor-top-column elementor-element elementor-element-cc01bf0\" data-id=\"cc01bf0\" data-element_type=\"column\" data-e-type=\"column\">\n\t\t\t<div class=\"elementor-widget-wrap\">\n\t\t\t\t\t\t\t<\/div>\n\t\t<\/div>\n\t\t\t\t<div class=\"elementor-column elementor-col-25 elementor-top-column elementor-element elementor-element-c0136c8\" data-id=\"c0136c8\" data-element_type=\"column\" data-e-type=\"column\">\n\t\t\t<div class=\"elementor-widget-wrap elementor-element-populated\">\n\t\t\t\t\t\t<div class=\"elementor-element elementor-element-9163663 elementor-widget elementor-widget-image\" data-id=\"9163663\" data-element_type=\"widget\" data-e-type=\"widget\" data-widget_type=\"image.default\">\n\t\t\t\t<div class=\"elementor-widget-container\">\n\t\t\t\t\t\t\t\t\t\t\t\t\t\t\t\t<a href=\"https:\/\/play.google.com\/store\/apps\/details?id=to.tawk.android\" target=\"_blank\">\n\t\t\t\t\t\t\t<img decoding=\"async\" width=\"135\" height=\"40\" src=\"https:\/\/www.tawk.to\/wp-content\/uploads\/2020\/04\/play-get-on.png\" class=\"attachment-large size-large wp-image-76524\" alt=\"\" \/>\t\t\t\t\t\t\t\t<\/a>\n\t\t\t\t\t\t\t\t\t\t\t\t\t\t\t<\/div>\n\t\t\t\t<\/div>\n\t\t\t\t\t<\/div>\n\t\t<\/div>\n\t\t\t\t<div class=\"elementor-column elementor-col-25 elementor-top-column elementor-element elementor-element-3545587\" data-id=\"3545587\" data-element_type=\"column\" data-e-type=\"column\">\n\t\t\t<div class=\"elementor-widget-wrap elementor-element-populated\">\n\t\t\t\t\t\t<div class=\"elementor-element elementor-element-5ee3d07 elementor-widget elementor-widget-image\" data-id=\"5ee3d07\" data-element_type=\"widget\" data-e-type=\"widget\" data-widget_type=\"image.default\">\n\t\t\t\t<div class=\"elementor-widget-container\">\n\t\t\t\t\t\t\t\t\t\t\t\t\t\t\t\t<a href=\"https:\/\/itunes.apple.com\/app\/tawk.to\/id907458277?mt=8\" target=\"_blank\">\n\t\t\t\t\t\t\t<img decoding=\"async\" width=\"135\" height=\"40\" src=\"https:\/\/www.tawk.to\/wp-content\/uploads\/2020\/04\/badge-lrg-1.png\" class=\"attachment-full size-full wp-image-76523\" alt=\"Visit App Store\" \/>\t\t\t\t\t\t\t\t<\/a>\n\t\t\t\t\t\t\t\t\t\t\t\t\t\t\t<\/div>\n\t\t\t\t<\/div>\n\t\t\t\t\t<\/div>\n\t\t<\/div>\n\t\t\t\t<div class=\"elementor-column elementor-col-25 elementor-top-column elementor-element elementor-element-9e2ca6d\" data-id=\"9e2ca6d\" data-element_type=\"column\" data-e-type=\"column\">\n\t\t\t<div class=\"elementor-widget-wrap\">\n\t\t\t\t\t\t\t<\/div>\n\t\t<\/div>\n\t\t\t\t\t<\/div>\n\t\t<\/section>\n\t\t\t\t<section class=\"elementor-section elementor-top-section elementor-element elementor-element-986efab elementor-section-boxed elementor-section-height-default elementor-section-height-default\" data-id=\"986efab\" data-element_type=\"section\" data-e-type=\"section\" data-settings=\"{&quot;background_background&quot;:&quot;classic&quot;,&quot;_ha_eqh_enable&quot;:false}\">\n\t\t\t\t\t\t<div class=\"elementor-container elementor-column-gap-default\">\n\t\t\t\t\t<div class=\"elementor-column elementor-col-25 elementor-top-column elementor-element elementor-element-9f3df97\" data-id=\"9f3df97\" data-element_type=\"column\" data-e-type=\"column\">\n\t\t\t<div class=\"elementor-widget-wrap\">\n\t\t\t\t\t\t\t<\/div>\n\t\t<\/div>\n\t\t\t\t<div class=\"elementor-column elementor-col-25 elementor-top-column elementor-element elementor-element-68e409c\" data-id=\"68e409c\" data-element_type=\"column\" data-e-type=\"column\">\n\t\t\t<div class=\"elementor-widget-wrap elementor-element-populated\">\n\t\t\t\t\t\t<div class=\"elementor-element elementor-element-2043992 elementor-widget elementor-widget-image\" data-id=\"2043992\" data-element_type=\"widget\" data-e-type=\"widget\" data-widget_type=\"image.default\">\n\t\t\t\t<div class=\"elementor-widget-container\">\n\t\t\t\t\t\t\t\t\t\t\t\t\t\t\t<img fetchpriority=\"high\" decoding=\"async\" width=\"552\" height=\"1024\" src=\"https:\/\/www.tawk.to\/wp-content\/uploads\/2021\/03\/mobile-apps-552x1024.jpeg\" class=\"attachment-large size-large wp-image-76542\" alt=\"\" srcset=\"https:\/\/www.tawk.to\/wp-content\/uploads\/2021\/03\/mobile-apps-552x1024.jpeg 552w, https:\/\/www.tawk.to\/wp-content\/uploads\/2021\/03\/mobile-apps-162x300.jpeg 162w, https:\/\/www.tawk.to\/wp-content\/uploads\/2021\/03\/mobile-apps-768x1424.jpeg 768w, https:\/\/www.tawk.to\/wp-content\/uploads\/2021\/03\/mobile-apps-828x1536.jpeg 828w, https:\/\/www.tawk.to\/wp-content\/uploads\/2021\/03\/mobile-apps.jpeg 863w\" sizes=\"(max-width: 552px) 100vw, 552px\" \/>\t\t\t\t\t\t\t\t\t\t\t\t\t\t\t<\/div>\n\t\t\t\t<\/div>\n\t\t\t\t\t<\/div>\n\t\t<\/div>\n\t\t\t\t<div class=\"elementor-column elementor-col-25 elementor-top-column elementor-element elementor-element-b9cf590\" data-id=\"b9cf590\" data-element_type=\"column\" data-e-type=\"column\">\n\t\t\t<div class=\"elementor-widget-wrap\">\n\t\t\t\t\t\t\t<\/div>\n\t\t<\/div>\n\t\t\t\t<div class=\"elementor-column elementor-col-25 elementor-top-column elementor-element elementor-element-f24b432\" data-id=\"f24b432\" data-element_type=\"column\" data-e-type=\"column\">\n\t\t\t<div class=\"elementor-widget-wrap elementor-element-populated\">\n\t\t\t\t\t\t<div class=\"elementor-element elementor-element-f8916ea elementor-widget elementor-widget-heading\" data-id=\"f8916ea\" data-element_type=\"widget\" data-e-type=\"widget\" data-widget_type=\"heading.default\">\n\t\t\t\t<div class=\"elementor-widget-container\">\n\t\t\t\t\t<h3 class=\"elementor-heading-title elementor-size-default\">Gelen sohbetleri cevaplay\u0131n ve biletleri yan\u0131tlay\u0131n<\/h3>\t\t\t\t<\/div>\n\t\t\t\t<\/div>\n\t\t\t\t<div class=\"elementor-element elementor-element-59f9cd8 elementor-widget elementor-widget-text-editor\" data-id=\"59f9cd8\" data-element_type=\"widget\" data-e-type=\"widget\" data-widget_type=\"text-editor.default\">\n\t\t\t\t<div class=\"elementor-widget-container\">\n\t\t\t\t\t\t\t\t\t<p><a href=\"https:\/\/itunes.apple.com\/app\/tawk.to\/id907458277?mt=8\" target=\"_blank\" rel=\"noopener noreferrer\">iOS<\/a> ve <a href=\"https:\/\/play.google.com\/store\/apps\/details?id=to.tawk.android\" target=\"_blank\" rel=\"noopener noreferrer\">Android<\/a> i\u00e7in mobil tawk.to uygulamalar\u0131, nerede olursan\u0131z olun m\u00fc\u015fterilerinizle sohbet etmenize veya biletlere yan\u0131t vermenize yard\u0131mc\u0131 olur.<\/p><p><span style=\"color: var( --e-global-color-text ); font-weight: var( --e-global-typography-text-font-weight );\">\u00c7al\u0131\u015f\u0131rken online kalmak istiyorsan\u0131z, bu uygulamalar tam size g\u00f6re.<\/span><\/p>\t\t\t\t\t\t\t\t<\/div>\n\t\t\t\t<\/div>\n\t\t\t\t\t<\/div>\n\t\t<\/div>\n\t\t\t\t\t<\/div>\n\t\t<\/section>\n\t\t\t\t<\/div>\n\t\t","protected":false},"excerpt":{"rendered":"<p>M\u00fc\u015fterilerinize her yerden mesaj g\u00f6nderin Masan\u0131zda olmasan\u0131z bile h\u0131zl\u0131 ve ki\u015fisel bir hizmet sunun Gelen sohbetleri cevaplay\u0131n ve biletleri yan\u0131tlay\u0131n iOS ve Android i\u00e7in mobil tawk.to uygulamalar\u0131, nerede olursan\u0131z olun m\u00fc\u015fterilerinizle sohbet etmenize veya biletlere yan\u0131t vermenize yard\u0131mc\u0131 olur. \u00c7al\u0131\u015f\u0131rken online kalmak istiyorsan\u0131z, bu uygulamalar tam size g\u00f6re.<\/p>\n","protected":false},"author":1,"featured_media":0,"parent":0,"menu_order":0,"comment_status":"closed","ping_status":"closed","template":"elementor_header_footer","meta":{"_acf_changed":false,"footnotes":""},"class_list":["post-76521","page","type-page","status-publish","hentry"],"acf":[],"_links":{"self":[{"href":"https:\/\/www.tawk.to\/tr\/wp-json\/wp\/v2\/pages\/76521","targetHints":{"allow":["GET"]}}],"collection":[{"href":"https:\/\/www.tawk.to\/tr\/wp-json\/wp\/v2\/pages"}],"about":[{"href":"https:\/\/www.tawk.to\/tr\/wp-json\/wp\/v2\/types\/page"}],"author":[{"embeddable":true,"href":"https:\/\/www.tawk.to\/tr\/wp-json\/wp\/v2\/users\/1"}],"replies":[{"embeddable":true,"href":"https:\/\/www.tawk.to\/tr\/wp-json\/wp\/v2\/comments?post=76521"}],"version-history":[{"count":7,"href":"https:\/\/www.tawk.to\/tr\/wp-json\/wp\/v2\/pages\/76521\/revisions"}],"predecessor-version":[{"id":76550,"href":"https:\/\/www.tawk.to\/tr\/wp-json\/wp\/v2\/pages\/76521\/revisions\/76550"}],"wp:attachment":[{"href":"https:\/\/www.tawk.to\/tr\/wp-json\/wp\/v2\/media?parent=76521"}],"curies":[{"name":"wp","href":"https:\/\/api.w.org\/{rel}","templated":true}]}}