{"id":102070,"date":"2022-04-08T17:04:15","date_gmt":"2022-04-08T17:04:15","guid":{"rendered":"https:\/\/www.tawk.to\/harika-bir-sirkettesiniz\/share-your-story\/"},"modified":"2022-04-11T22:36:19","modified_gmt":"2022-04-11T22:36:19","slug":"share-your-story","status":"publish","type":"page","link":"https:\/\/www.tawk.to\/tr\/harika-bir-sirkettesiniz\/share-your-story\/","title":{"rendered":"Share your Story"},"content":{"rendered":"\t\t<div data-elementor-type=\"wp-page\" data-elementor-id=\"102070\" class=\"elementor elementor-102070 elementor-2236\" data-elementor-settings=\"{&quot;ha_cmc_init_switcher&quot;:&quot;no&quot;}\" data-elementor-post-type=\"page\">\n\t\t\t\t\t\t<section class=\"elementor-section elementor-top-section elementor-element elementor-element-8d14d42 elementor-section-boxed elementor-section-height-default elementor-section-height-default\" data-id=\"8d14d42\" data-element_type=\"section\" data-e-type=\"section\" data-settings=\"{&quot;_ha_eqh_enable&quot;:false}\">\n\t\t\t\t\t\t<div class=\"elementor-container elementor-column-gap-default\">\n\t\t\t\t\t<div class=\"elementor-column elementor-col-100 elementor-top-column elementor-element elementor-element-a9db20c\" data-id=\"a9db20c\" data-element_type=\"column\" data-e-type=\"column\">\n\t\t\t<div class=\"elementor-widget-wrap elementor-element-populated\">\n\t\t\t\t\t\t<div class=\"elementor-element elementor-element-8b320a8 elementor-widget elementor-widget-heading\" data-id=\"8b320a8\" data-element_type=\"widget\" data-e-type=\"widget\" data-widget_type=\"heading.default\">\n\t\t\t\t<div class=\"elementor-widget-container\">\n\t\t\t\t\t<h2 class=\"elementor-heading-title elementor-size-default\">tawk.to hikayenizi payla\u015f\u0131n<\/h2>\t\t\t\t<\/div>\n\t\t\t\t<\/div>\n\t\t\t\t<div class=\"elementor-element elementor-element-4d89415 elementor-widget elementor-widget-heading\" data-id=\"4d89415\" data-element_type=\"widget\" data-e-type=\"widget\" data-widget_type=\"heading.default\">\n\t\t\t\t<div class=\"elementor-widget-container\">\n\t\t\t\t\t<h2 class=\"elementor-heading-title elementor-size-default\">Bize i\u015finizi b\u00fcy\u00fctmek ve\/veya m\u00fc\u015fterilerinize yard\u0131mc\u0131 olmak i\u00e7in tawk.to'yu nas\u0131l kulland\u0131\u011f\u0131n\u0131z\u0131 anlat\u0131n<\/h2>\t\t\t\t<\/div>\n\t\t\t\t<\/div>\n\t\t\t\t\t<\/div>\n\t\t<\/div>\n\t\t\t\t\t<\/div>\n\t\t<\/section>\n\t\t\t\t<section class=\"elementor-section elementor-top-section elementor-element elementor-element-44d5a8c elementor-section-boxed elementor-section-height-default elementor-section-height-default\" data-id=\"44d5a8c\" data-element_type=\"section\" data-e-type=\"section\" data-settings=\"{&quot;_ha_eqh_enable&quot;:false}\">\n\t\t\t\t\t\t<div class=\"elementor-container elementor-column-gap-default\">\n\t\t\t\t\t<div class=\"elementor-column elementor-col-50 elementor-top-column elementor-element elementor-element-2c58478\" data-id=\"2c58478\" data-element_type=\"column\" data-e-type=\"column\">\n\t\t\t<div class=\"elementor-widget-wrap elementor-element-populated\">\n\t\t\t\t\t\t<div class=\"elementor-element elementor-element-443f7a1 elementor-widget elementor-widget-video\" data-id=\"443f7a1\" data-element_type=\"widget\" data-e-type=\"widget\" data-settings=\"{&quot;youtube_url&quot;:&quot;https:\\\/\\\/www.youtube.com\\\/watch?v=tUecj7WFybw&quot;,&quot;show_image_overlay&quot;:&quot;yes&quot;,&quot;image_overlay&quot;:{&quot;url&quot;:&quot;&quot;,&quot;id&quot;:&quot;&quot;,&quot;size&quot;:&quot;&quot;},&quot;video_type&quot;:&quot;youtube&quot;,&quot;controls&quot;:&quot;yes&quot;}\" data-widget_type=\"video.default\">\n\t\t\t\t<div class=\"elementor-widget-container\">\n\t\t\t\t\t\t\t<div class=\"elementor-wrapper elementor-open-inline\">\n\t\t\t<div class=\"elementor-video\"><\/div>\t\t<\/div>\n\t\t\t\t\t\t<\/div>\n\t\t\t\t<\/div>\n\t\t\t\t\t<\/div>\n\t\t<\/div>\n\t\t\t\t<div class=\"elementor-column elementor-col-50 elementor-top-column elementor-element elementor-element-c0daa75\" data-id=\"c0daa75\" data-element_type=\"column\" data-e-type=\"column\">\n\t\t\t<div class=\"elementor-widget-wrap elementor-element-populated\">\n\t\t\t\t\t\t<div class=\"elementor-element elementor-element-0164efd elementor-widget elementor-widget-text-editor\" data-id=\"0164efd\" data-element_type=\"widget\" data-e-type=\"widget\" data-widget_type=\"text-editor.default\">\n\t\t\t\t<div class=\"elementor-widget-container\">\n\t\t\t\t\t\t\t\t\t<p>Yolculu\u011funuzu bizimle payla\u015farak ilham verici bir giri\u015fimcilik hikayeleri koleksiyonu olu\u015fturmaya yard\u0131mc\u0131 olun &#8211; toplulu\u011fun 4,5 milyon \u00fcyesiyle payla\u015fmak i\u00e7in hikayenizi film olarak bile \u00e7ekebiliriz. M\u00fc\u015fterilerinize daha yak\u0131n olmak i\u00e7in tawk.to ile neler yapt\u0131\u011f\u0131n\u0131z\u0131 duymaktan heyecan duyuyoruz. Burada baz\u0131 \u00f6rneklere g\u00f6z at\u0131n.<\/p><p>Hikayeniz i\u00e7in herhangi bir kural veya gereksinim yoktur &#8211; g\u00f6nderinizin \u00f6zellikle mesajla\u015fma veya tawk.to ile olan deneyiminiz etraf\u0131nda olmas\u0131 gerekmez &#8211; ancak m\u00fc\u015fteri deneyimine y\u00f6nelik bir e\u011filim ve iyile\u015ftirme taahh\u00fcd\u00fcn\u00fcz tawk.to toplulu\u011funda \u00e7ok iyi kar\u015f\u0131lan\u0131r.<\/p><p>Hikayeniz i\u00e7in gerekli bir uzunluk veya s\u0131n\u0131r yoktur &#8211; istedi\u011finiz kadar k\u0131sa veya uzun olabilir. Sizi hikayenizi kendi dilinizde yazmaya davet ediyoruz. E\u011fer o dil \u0130ngilizce veya T\u00fcrk\u00e7e de\u011filse, hikayenizin terc\u00fcme edilmesine yard\u0131mc\u0131 olabiliriz.<\/p><p>Umut verin. \u0130lham olun. Hayatlar\u0131 de\u011fi\u015ftirin. Payla\u015f\u0131n ve sesinizi b\u00fct\u00fcn d\u00fcnyaya s\u00f6yduyurun<br \/><strong>#HowITawk<\/strong><\/p>\t\t\t\t\t\t\t\t<\/div>\n\t\t\t\t<\/div>\n\t\t\t\t\t<\/div>\n\t\t<\/div>\n\t\t\t\t\t<\/div>\n\t\t<\/section>\n\t\t\t\t<section class=\"elementor-section elementor-top-section elementor-element elementor-element-b29ec98 elementor-section-boxed elementor-section-height-default elementor-section-height-default\" data-id=\"b29ec98\" data-element_type=\"section\" data-e-type=\"section\" data-settings=\"{&quot;_ha_eqh_enable&quot;:false}\">\n\t\t\t\t\t\t<div class=\"elementor-container elementor-column-gap-default\">\n\t\t\t\t\t<div class=\"elementor-column elementor-col-100 elementor-top-column elementor-element elementor-element-da6f477\" data-id=\"da6f477\" data-element_type=\"column\" data-e-type=\"column\">\n\t\t\t<div class=\"elementor-widget-wrap elementor-element-populated\">\n\t\t\t\t\t\t<div class=\"elementor-element elementor-element-a79bb59 elementor-widget elementor-widget-heading\" data-id=\"a79bb59\" data-element_type=\"widget\" data-e-type=\"widget\" data-widget_type=\"heading.default\">\n\t\t\t\t<div class=\"elementor-widget-container\">\n\t\t\t\t\t<h2 class=\"elementor-heading-title elementor-size-default\">tawk.to ile ba\u015far\u0131 elde ettiniz mi?<\/h2>\t\t\t\t<\/div>\n\t\t\t\t<\/div>\n\t\t\t\t<div class=\"elementor-element elementor-element-7ac0a60 elementor-widget elementor-widget-heading\" data-id=\"7ac0a60\" data-element_type=\"widget\" data-e-type=\"widget\" data-widget_type=\"heading.default\">\n\t\t\t\t<div class=\"elementor-widget-container\">\n\t\t\t\t\t<h2 class=\"elementor-heading-title elementor-size-default\">Hikayenizi payla\u015f\u0131n, biz de d\u00fcnyayla payla\u015fal\u0131m<\/h2>\t\t\t\t<\/div>\n\t\t\t\t<\/div>\n\t\t\t\t\t<\/div>\n\t\t<\/div>\n\t\t\t\t\t<\/div>\n\t\t<\/section>\n\t\t\t\t<section class=\"elementor-section elementor-top-section elementor-element elementor-element-0d07b21 elementor-section-boxed elementor-section-height-default elementor-section-height-default\" data-id=\"0d07b21\" data-element_type=\"section\" data-e-type=\"section\" data-settings=\"{&quot;_ha_eqh_enable&quot;:false}\">\n\t\t\t\t\t\t<div class=\"elementor-container elementor-column-gap-default\">\n\t\t\t\t\t<div class=\"elementor-column elementor-col-16 elementor-top-column elementor-element elementor-element-32dee25\" data-id=\"32dee25\" data-element_type=\"column\" data-e-type=\"column\">\n\t\t\t<div class=\"elementor-widget-wrap\">\n\t\t\t\t\t\t\t<\/div>\n\t\t<\/div>\n\t\t\t\t<div class=\"elementor-column elementor-col-16 elementor-top-column elementor-element elementor-element-21c4e03\" data-id=\"21c4e03\" data-element_type=\"column\" data-e-type=\"column\">\n\t\t\t<div class=\"elementor-widget-wrap elementor-element-populated\">\n\t\t\t\t\t\t<div class=\"elementor-element elementor-element-edaedbf elementor-button-align-stretch elementor-widget elementor-widget-form\" data-id=\"edaedbf\" data-element_type=\"widget\" data-e-type=\"widget\" data-settings=\"{&quot;step_next_label&quot;:&quot;Sonraki&quot;,&quot;step_previous_label&quot;:&quot;\\u00d6nceki&quot;,&quot;button_width&quot;:&quot;100&quot;,&quot;step_type&quot;:&quot;number_text&quot;,&quot;step_icon_shape&quot;:&quot;circle&quot;}\" data-widget_type=\"form.default\">\n\t\t\t\t<div class=\"elementor-widget-container\">\n\t\t\t\t\t\t\t<form class=\"elementor-form\" method=\"post\" name=\"Hired Agents\" aria-label=\"Hired Agents\">\n\t\t\t<input type=\"hidden\" name=\"post_id\" value=\"102070\"\/>\n\t\t\t<input type=\"hidden\" name=\"form_id\" value=\"edaedbf\"\/>\n\t\t\t<input type=\"hidden\" name=\"referer_title\" value=\"\" \/>\n\n\t\t\t\n\t\t\t<div class=\"elementor-form-fields-wrapper elementor-labels-above\">\n\t\t\t\t\t\t\t\t<div class=\"elementor-field-type-checkbox elementor-field-group elementor-column elementor-field-group-name elementor-col-100\">\n\t\t\t\t\t\t\t\t\t\t\t\t<label for=\"form-field-name\" class=\"elementor-field-label\">\n\t\t\t\t\t\t\t\tHangi tawk.to \u00fcr\u00fcnlerini kullan\u0131yorsunuz?\t\t\t\t\t\t\t<\/label>\n\t\t\t\t\t\t<div class=\"elementor-field-subgroup  \"><span class=\"elementor-field-option\"><input type=\"checkbox\" value=\"Canl\u0131 sohbet\" id=\"form-field-name-0\" name=\"form_fields[name][]\"> <label for=\"form-field-name-0\">Canl\u0131 sohbet<\/label><\/span><span class=\"elementor-field-option\"><input type=\"checkbox\" value=\"Sohbet Sayfalar\u0131\" id=\"form-field-name-1\" name=\"form_fields[name][]\"> <label for=\"form-field-name-1\">Sohbet Sayfalar\u0131<\/label><\/span><span class=\"elementor-field-option\"><input type=\"checkbox\" value=\"Bilgi taban\u0131\" id=\"form-field-name-2\" name=\"form_fields[name][]\"> <label for=\"form-field-name-2\">Bilgi taban\u0131<\/label><\/span><span class=\"elementor-field-option\"><input type=\"checkbox\" value=\"Biletlendirme\" id=\"form-field-name-3\" name=\"form_fields[name][]\"> <label for=\"form-field-name-3\">Biletlendirme<\/label><\/span><span class=\"elementor-field-option\"><input type=\"checkbox\" value=\"Kiral\u0131k Sohbet Temsilcileri\" id=\"form-field-name-4\" name=\"form_fields[name][]\"> <label for=\"form-field-name-4\">Kiral\u0131k Sohbet Temsilcileri<\/label><\/span><span class=\"elementor-field-option\"><input type=\"checkbox\" value=\"Sanal Asistanlar\" id=\"form-field-name-5\" name=\"form_fields[name][]\"> <label for=\"form-field-name-5\">Sanal Asistanlar<\/label><\/span><\/div>\t\t\t\t<\/div>\n\t\t\t\t\t\t\t\t<div class=\"elementor-field-type-email elementor-field-group elementor-column elementor-field-group-email elementor-col-100 elementor-field-required\">\n\t\t\t\t\t\t\t\t\t\t\t\t<label for=\"form-field-email\" class=\"elementor-field-label\">\n\t\t\t\t\t\t\t\tE-posta adresiniz nedir?\t\t\t\t\t\t\t<\/label>\n\t\t\t\t\t\t\t\t\t\t\t\t\t\t<input size=\"1\" type=\"email\" name=\"form_fields[email]\" id=\"form-field-email\" class=\"elementor-field elementor-size-sm  elementor-field-textual\" placeholder=\"E-Posta\" required=\"required\">\n\t\t\t\t\t\t\t\t\t\t\t<\/div>\n\t\t\t\t\t\t\t\t<div class=\"elementor-field-type-number elementor-field-group elementor-column elementor-field-group-phone elementor-col-100\">\n\t\t\t\t\t\t\t\t\t\t\t\t<label for=\"form-field-phone\" class=\"elementor-field-label\">\n\t\t\t\t\t\t\t\tS\u0131k kulland\u0131\u011f\u0131n\u0131z ileti\u015fim numaran\u0131z (\u00fclke kodunuz dahil)\t\t\t\t\t\t\t<\/label>\n\t\t\t\t\t\t\t\t\t<input type=\"number\" name=\"form_fields[phone]\" id=\"form-field-phone\" class=\"elementor-field elementor-size-sm  elementor-field-textual\" placeholder=\"Numara\" min=\"\" max=\"\" >\n\t\t\t\t\t\t<\/div>\n\t\t\t\t\t\t\t\t<div class=\"elementor-field-type-url elementor-field-group elementor-column elementor-field-group-title elementor-col-100 elementor-field-required\">\n\t\t\t\t\t\t\t\t\t\t\t\t<label for=\"form-field-title\" class=\"elementor-field-label\">\n\t\t\t\t\t\t\t\tWebsite URL\u2019niz\t\t\t\t\t\t\t<\/label>\n\t\t\t\t\t\t\t\t\t\t\t\t\t\t<input size=\"1\" type=\"url\" name=\"form_fields[title]\" id=\"form-field-title\" class=\"elementor-field elementor-size-sm  elementor-field-textual\" placeholder=\"http:\/\/.. dahil\" required=\"required\">\n\t\t\t\t\t\t\t\t\t\t\t<\/div>\n\t\t\t\t\t\t\t\t<div class=\"elementor-field-type-text elementor-field-group elementor-column elementor-field-group-citycountry elementor-col-100 elementor-field-required\">\n\t\t\t\t\t\t\t\t\t\t\t\t<label for=\"form-field-citycountry\" class=\"elementor-field-label\">\n\t\t\t\t\t\t\t\t\u015eehir ve \u00fclkeniz\t\t\t\t\t\t\t<\/label>\n\t\t\t\t\t\t\t\t\t\t\t\t\t\t<input size=\"1\" type=\"text\" name=\"form_fields[citycountry]\" id=\"form-field-citycountry\" class=\"elementor-field elementor-size-sm  elementor-field-textual\" placeholder=\"\u00d6r: \u0130stanbul, T\u00fcrkiye\" required=\"required\">\n\t\t\t\t\t\t\t\t\t\t\t<\/div>\n\t\t\t\t\t\t\t\t<div class=\"elementor-field-type-textarea elementor-field-group elementor-column elementor-field-group-story elementor-col-100 elementor-field-required\">\n\t\t\t\t\t\t\t\t\t\t\t\t<label for=\"form-field-story\" class=\"elementor-field-label\">\n\t\t\t\t\t\t\t\tBize hikayenizi anlat\u0131n\t\t\t\t\t\t\t<\/label>\n\t\t\t\t\t\t<textarea class=\"elementor-field-textual elementor-field  elementor-size-sm\" name=\"form_fields[story]\" id=\"form-field-story\" rows=\"4\" placeholder=\"\u0130\u015finizi b\u00fcy\u00fctmek ve\/veya m\u00fc\u015fterilerinize yard\u0131mc\u0131 olmak i\u00e7in tawk.to\u2019yu nas\u0131l kulland\u0131n\u0131z?\" required=\"required\"><\/textarea>\t\t\t\t<\/div>\n\t\t\t\t\t\t\t\t<div class=\"elementor-field-group elementor-column elementor-field-type-submit elementor-col-100 e-form__buttons\">\n\t\t\t\t\t<button class=\"elementor-button elementor-size-sm\" type=\"submit\">\n\t\t\t\t\t\t<span class=\"elementor-button-content-wrapper\">\n\t\t\t\t\t\t\t\t\t\t\t\t\t\t\t\t\t\t\t\t\t\t<span class=\"elementor-button-text\">H\u0130KAYEN\u0130Z\u0130 G\u00d6NDER\u0130N<\/span>\n\t\t\t\t\t\t\t\t\t\t\t\t\t<\/span>\n\t\t\t\t\t<\/button>\n\t\t\t\t<\/div>\n\t\t\t<\/div>\n\t\t<\/form>\n\t\t\t\t\t\t<\/div>\n\t\t\t\t<\/div>\n\t\t\t\t\t<\/div>\n\t\t<\/div>\n\t\t\t\t<div class=\"elementor-column elementor-col-66 elementor-top-column elementor-element elementor-element-3a5d3ac\" data-id=\"3a5d3ac\" data-element_type=\"column\" data-e-type=\"column\">\n\t\t\t<div class=\"elementor-widget-wrap\">\n\t\t\t\t\t\t\t<\/div>\n\t\t<\/div>\n\t\t\t\t\t<\/div>\n\t\t<\/section>\n\t\t\t\t<section class=\"elementor-section elementor-top-section elementor-element elementor-element-d016041 elementor-section-boxed elementor-section-height-default elementor-section-height-default\" data-id=\"d016041\" data-element_type=\"section\" data-e-type=\"section\" data-settings=\"{&quot;_ha_eqh_enable&quot;:false}\">\n\t\t\t\t\t\t<div class=\"elementor-container elementor-column-gap-default\">\n\t\t\t\t\t<div class=\"elementor-column elementor-col-100 elementor-top-column elementor-element elementor-element-bd4ab62\" data-id=\"bd4ab62\" data-element_type=\"column\" data-e-type=\"column\">\n\t\t\t<div class=\"elementor-widget-wrap elementor-element-populated\">\n\t\t\t\t\t\t<div class=\"elementor-element elementor-element-ed68870 elementor-widget elementor-widget-spacer\" data-id=\"ed68870\" data-element_type=\"widget\" data-e-type=\"widget\" data-widget_type=\"spacer.default\">\n\t\t\t\t<div class=\"elementor-widget-container\">\n\t\t\t\t\t\t\t<div class=\"elementor-spacer\">\n\t\t\t<div class=\"elementor-spacer-inner\"><\/div>\n\t\t<\/div>\n\t\t\t\t\t\t<\/div>\n\t\t\t\t<\/div>\n\t\t\t\t\t<\/div>\n\t\t<\/div>\n\t\t\t\t\t<\/div>\n\t\t<\/section>\n\t\t\t\t<\/div>\n\t\t","protected":false},"excerpt":{"rendered":"<p>tawk.to hikayenizi payla\u015f\u0131n Bize i\u015finizi b\u00fcy\u00fctmek ve\/veya m\u00fc\u015fterilerinize yard\u0131mc\u0131 olmak i\u00e7in tawk.to&#8217;yu nas\u0131l kulland\u0131\u011f\u0131n\u0131z\u0131 anlat\u0131n https:\/\/www.youtube.com\/watch?v=tUecj7WFybw Yolculu\u011funuzu bizimle payla\u015farak ilham verici bir giri\u015fimcilik hikayeleri koleksiyonu olu\u015fturmaya yard\u0131mc\u0131 olun &#8211; toplulu\u011fun 4,5 milyon \u00fcyesiyle payla\u015fmak i\u00e7in hikayenizi film olarak bile \u00e7ekebiliriz. M\u00fc\u015fterilerinize daha yak\u0131n olmak i\u00e7in tawk.to ile neler yapt\u0131\u011f\u0131n\u0131z\u0131 duymaktan heyecan duyuyoruz. Burada baz\u0131 \u00f6rneklere [&hellip;]<\/p>\n","protected":false},"author":1,"featured_media":0,"parent":70614,"menu_order":0,"comment_status":"closed","ping_status":"closed","template":"","meta":{"_acf_changed":false,"footnotes":""},"class_list":["post-102070","page","type-page","status-publish","hentry"],"acf":[],"_links":{"self":[{"href":"https:\/\/www.tawk.to\/tr\/wp-json\/wp\/v2\/pages\/102070","targetHints":{"allow":["GET"]}}],"collection":[{"href":"https:\/\/www.tawk.to\/tr\/wp-json\/wp\/v2\/pages"}],"about":[{"href":"https:\/\/www.tawk.to\/tr\/wp-json\/wp\/v2\/types\/page"}],"author":[{"embeddable":true,"href":"https:\/\/www.tawk.to\/tr\/wp-json\/wp\/v2\/users\/1"}],"replies":[{"embeddable":true,"href":"https:\/\/www.tawk.to\/tr\/wp-json\/wp\/v2\/comments?post=102070"}],"version-history":[{"count":7,"href":"https:\/\/www.tawk.to\/tr\/wp-json\/wp\/v2\/pages\/102070\/revisions"}],"predecessor-version":[{"id":102126,"href":"https:\/\/www.tawk.to\/tr\/wp-json\/wp\/v2\/pages\/102070\/revisions\/102126"}],"up":[{"embeddable":true,"href":"https:\/\/www.tawk.to\/tr\/wp-json\/wp\/v2\/pages\/70614"}],"wp:attachment":[{"href":"https:\/\/www.tawk.to\/tr\/wp-json\/wp\/v2\/media?parent=102070"}],"curies":[{"name":"wp","href":"https:\/\/api.w.org\/{rel}","templated":true}]}}