{"id":106938,"date":"2022-08-01T16:20:45","date_gmt":"2022-08-01T16:20:45","guid":{"rendered":"https:\/\/www.tawk.to\/share-your-story\/"},"modified":"2022-08-17T15:39:25","modified_gmt":"2022-08-17T15:39:25","slug":"share-your-story","status":"publish","type":"page","link":"https:\/\/www.tawk.to\/pt-br\/stories\/share-your-story\/","title":{"rendered":"Share your Story"},"content":{"rendered":"\t\t<div data-elementor-type=\"wp-page\" data-elementor-id=\"106938\" class=\"elementor elementor-106938 elementor-2236\" data-elementor-settings=\"{&quot;ha_cmc_init_switcher&quot;:&quot;no&quot;}\" data-elementor-post-type=\"page\">\n\t\t\t\t\t\t<section class=\"elementor-section elementor-top-section elementor-element elementor-element-8d14d42 elementor-section-boxed elementor-section-height-default elementor-section-height-default\" data-id=\"8d14d42\" data-element_type=\"section\" data-e-type=\"section\" data-settings=\"{&quot;_ha_eqh_enable&quot;:false}\">\n\t\t\t\t\t\t<div class=\"elementor-container elementor-column-gap-default\">\n\t\t\t\t\t<div class=\"elementor-column elementor-col-100 elementor-top-column elementor-element elementor-element-a9db20c\" data-id=\"a9db20c\" data-element_type=\"column\" data-e-type=\"column\">\n\t\t\t<div class=\"elementor-widget-wrap elementor-element-populated\">\n\t\t\t\t\t\t<div class=\"elementor-element elementor-element-8b320a8 elementor-widget elementor-widget-heading\" data-id=\"8b320a8\" data-element_type=\"widget\" data-e-type=\"widget\" data-widget_type=\"heading.default\">\n\t\t\t\t<div class=\"elementor-widget-container\">\n\t\t\t\t\t<h2 class=\"elementor-heading-title elementor-size-default\">Compartilhe sua hist\u00f3ria com tawk.to<\/h2>\t\t\t\t<\/div>\n\t\t\t\t<\/div>\n\t\t\t\t<div class=\"elementor-element elementor-element-4d89415 elementor-widget elementor-widget-heading\" data-id=\"4d89415\" data-element_type=\"widget\" data-e-type=\"widget\" data-widget_type=\"heading.default\">\n\t\t\t\t<div class=\"elementor-widget-container\">\n\t\t\t\t\t<h2 class=\"elementor-heading-title elementor-size-default\">Conte-nos como voc\u00ea tem usado tawk.to para expandir seus neg\u00f3cios e\/ou ajudar seus clientes<\/h2>\t\t\t\t<\/div>\n\t\t\t\t<\/div>\n\t\t\t\t\t<\/div>\n\t\t<\/div>\n\t\t\t\t\t<\/div>\n\t\t<\/section>\n\t\t\t\t<section class=\"elementor-section elementor-top-section elementor-element elementor-element-44d5a8c elementor-section-boxed elementor-section-height-default elementor-section-height-default\" data-id=\"44d5a8c\" data-element_type=\"section\" data-e-type=\"section\" data-settings=\"{&quot;_ha_eqh_enable&quot;:false}\">\n\t\t\t\t\t\t<div class=\"elementor-container elementor-column-gap-default\">\n\t\t\t\t\t<div class=\"elementor-column elementor-col-50 elementor-top-column elementor-element elementor-element-2c58478\" data-id=\"2c58478\" data-element_type=\"column\" data-e-type=\"column\">\n\t\t\t<div class=\"elementor-widget-wrap elementor-element-populated\">\n\t\t\t\t\t\t<div class=\"elementor-element elementor-element-443f7a1 elementor-widget elementor-widget-video\" data-id=\"443f7a1\" data-element_type=\"widget\" data-e-type=\"widget\" data-settings=\"{&quot;youtube_url&quot;:&quot;https:\\\/\\\/www.youtube.com\\\/watch?v=tUecj7WFybw&quot;,&quot;show_image_overlay&quot;:&quot;yes&quot;,&quot;image_overlay&quot;:{&quot;url&quot;:&quot;&quot;,&quot;id&quot;:&quot;&quot;,&quot;size&quot;:&quot;&quot;},&quot;video_type&quot;:&quot;youtube&quot;,&quot;controls&quot;:&quot;yes&quot;}\" data-widget_type=\"video.default\">\n\t\t\t\t<div class=\"elementor-widget-container\">\n\t\t\t\t\t\t\t<div class=\"elementor-wrapper elementor-open-inline\">\n\t\t\t<div class=\"elementor-video\"><\/div>\t\t<\/div>\n\t\t\t\t\t\t<\/div>\n\t\t\t\t<\/div>\n\t\t\t\t\t<\/div>\n\t\t<\/div>\n\t\t\t\t<div class=\"elementor-column elementor-col-50 elementor-top-column elementor-element elementor-element-c0daa75\" data-id=\"c0daa75\" data-element_type=\"column\" data-e-type=\"column\">\n\t\t\t<div class=\"elementor-widget-wrap elementor-element-populated\">\n\t\t\t\t\t\t<div class=\"elementor-element elementor-element-0164efd elementor-widget elementor-widget-text-editor\" data-id=\"0164efd\" data-element_type=\"widget\" data-e-type=\"widget\" data-widget_type=\"text-editor.default\">\n\t\t\t\t<div class=\"elementor-widget-container\">\n\t\t\t\t\t\t\t\t\tAjude a construir uma cole\u00e7\u00e3o inspiradora de hist\u00f3rias empreendedoras compartilhando um aspecto de sua jornada \u2013 podemos at\u00e9 capturar sua hist\u00f3ria em filme para compartilh\u00e1-la com os 4,5 milh\u00f5es de membros da comunidade. Estamos animados em saber o que voc\u00ea faz com tawk.to para se aproximar de seus clientes. Confira alguns exemplos aqui.\n\nN\u00e3o h\u00e1 regras ou requisitos para sua hist\u00f3ria \u2013 seu envio n\u00e3o precisa ser particularmente relacionado a mensagens ou sua experi\u00eancia com tawk.to \u2013 embora uma inclina\u00e7\u00e3o para a experi\u00eancia do cliente e seu compromisso com a melhoria ressoe bem com a comunidade tawk.to.\n\nN\u00e3o h\u00e1 comprimento ou limite obrigat\u00f3rio para sua hist\u00f3ria \u2013 ela pode ser t\u00e3o curta ou longa quanto voc\u00ea quiser. Convidamos voc\u00ea a escrever sua hist\u00f3ria em seu pr\u00f3prio idioma e, se esse idioma n\u00e3o for o ingl\u00eas, podemos ajudar a traduzir sua hist\u00f3ria.\n\nD\u00ea esperan\u00e7a. Inspire. Mude vidas. Compartilhe e conte ao mundo <strong>#HowITawk<\/strong>\t\t\t\t\t\t\t\t<\/div>\n\t\t\t\t<\/div>\n\t\t\t\t\t<\/div>\n\t\t<\/div>\n\t\t\t\t\t<\/div>\n\t\t<\/section>\n\t\t\t\t<section class=\"elementor-section elementor-top-section elementor-element elementor-element-b29ec98 elementor-section-boxed elementor-section-height-default elementor-section-height-default\" data-id=\"b29ec98\" data-element_type=\"section\" data-e-type=\"section\" data-settings=\"{&quot;_ha_eqh_enable&quot;:false}\">\n\t\t\t\t\t\t<div class=\"elementor-container elementor-column-gap-default\">\n\t\t\t\t\t<div class=\"elementor-column elementor-col-100 elementor-top-column elementor-element elementor-element-da6f477\" data-id=\"da6f477\" data-element_type=\"column\" data-e-type=\"column\">\n\t\t\t<div class=\"elementor-widget-wrap elementor-element-populated\">\n\t\t\t\t\t\t<div class=\"elementor-element elementor-element-a79bb59 elementor-widget elementor-widget-heading\" data-id=\"a79bb59\" data-element_type=\"widget\" data-e-type=\"widget\" data-widget_type=\"heading.default\">\n\t\t\t\t<div class=\"elementor-widget-container\">\n\t\t\t\t\t<h2 class=\"elementor-heading-title elementor-size-default\">Teve sucesso com tawk.to?<\/h2>\t\t\t\t<\/div>\n\t\t\t\t<\/div>\n\t\t\t\t<div class=\"elementor-element elementor-element-7ac0a60 elementor-widget elementor-widget-heading\" data-id=\"7ac0a60\" data-element_type=\"widget\" data-e-type=\"widget\" data-widget_type=\"heading.default\">\n\t\t\t\t<div class=\"elementor-widget-container\">\n\t\t\t\t\t<h2 class=\"elementor-heading-title elementor-size-default\">Compartilhe sua hist\u00f3ria e n\u00f3s a compartilharemos com o mundo<\/h2>\t\t\t\t<\/div>\n\t\t\t\t<\/div>\n\t\t\t\t\t<\/div>\n\t\t<\/div>\n\t\t\t\t\t<\/div>\n\t\t<\/section>\n\t\t\t\t<section class=\"elementor-section elementor-top-section elementor-element elementor-element-0d07b21 elementor-section-boxed elementor-section-height-default elementor-section-height-default\" data-id=\"0d07b21\" data-element_type=\"section\" data-e-type=\"section\" data-settings=\"{&quot;_ha_eqh_enable&quot;:false}\">\n\t\t\t\t\t\t<div class=\"elementor-container elementor-column-gap-default\">\n\t\t\t\t\t<div class=\"elementor-column elementor-col-16 elementor-top-column elementor-element elementor-element-32dee25\" data-id=\"32dee25\" data-element_type=\"column\" data-e-type=\"column\">\n\t\t\t<div class=\"elementor-widget-wrap\">\n\t\t\t\t\t\t\t<\/div>\n\t\t<\/div>\n\t\t\t\t<div class=\"elementor-column elementor-col-16 elementor-top-column elementor-element elementor-element-21c4e03\" data-id=\"21c4e03\" data-element_type=\"column\" data-e-type=\"column\">\n\t\t\t<div class=\"elementor-widget-wrap\">\n\t\t\t\t\t\t\t<\/div>\n\t\t<\/div>\n\t\t\t\t<div class=\"elementor-column elementor-col-66 elementor-top-column elementor-element elementor-element-3a5d3ac\" data-id=\"3a5d3ac\" data-element_type=\"column\" data-e-type=\"column\">\n\t\t\t<div class=\"elementor-widget-wrap\">\n\t\t\t\t\t\t\t<\/div>\n\t\t<\/div>\n\t\t\t\t\t<\/div>\n\t\t<\/section>\n\t\t\t\t<section class=\"elementor-section elementor-top-section elementor-element elementor-element-d016041 elementor-section-boxed elementor-section-height-default elementor-section-height-default\" data-id=\"d016041\" data-element_type=\"section\" data-e-type=\"section\" data-settings=\"{&quot;_ha_eqh_enable&quot;:false}\">\n\t\t\t\t\t\t<div class=\"elementor-container elementor-column-gap-default\">\n\t\t\t\t\t<div class=\"elementor-column elementor-col-100 elementor-top-column elementor-element elementor-element-bd4ab62\" data-id=\"bd4ab62\" data-element_type=\"column\" data-e-type=\"column\">\n\t\t\t<div class=\"elementor-widget-wrap elementor-element-populated\">\n\t\t\t\t\t\t<div class=\"elementor-element elementor-element-ed68870 elementor-widget elementor-widget-spacer\" data-id=\"ed68870\" data-element_type=\"widget\" data-e-type=\"widget\" data-widget_type=\"spacer.default\">\n\t\t\t\t<div class=\"elementor-widget-container\">\n\t\t\t\t\t\t\t<div class=\"elementor-spacer\">\n\t\t\t<div class=\"elementor-spacer-inner\"><\/div>\n\t\t<\/div>\n\t\t\t\t\t\t<\/div>\n\t\t\t\t<\/div>\n\t\t\t\t<div class=\"elementor-element elementor-element-edaedbf elementor-button-align-stretch elementor-widget elementor-widget-form\" data-id=\"edaedbf\" data-element_type=\"widget\" data-e-type=\"widget\" data-settings=\"{&quot;step_next_label&quot;:&quot;Next&quot;,&quot;step_previous_label&quot;:&quot;Previous&quot;,&quot;button_width&quot;:&quot;100&quot;,&quot;step_type&quot;:&quot;number_text&quot;,&quot;step_icon_shape&quot;:&quot;circle&quot;}\" data-widget_type=\"form.default\">\n\t\t\t\t<div class=\"elementor-widget-container\">\n\t\t\t\t\t\t\t<form class=\"elementor-form\" method=\"post\" name=\"Hired Agents\" aria-label=\"Hired Agents\">\n\t\t\t<input type=\"hidden\" name=\"post_id\" value=\"106938\"\/>\n\t\t\t<input type=\"hidden\" name=\"form_id\" value=\"edaedbf\"\/>\n\t\t\t<input type=\"hidden\" name=\"referer_title\" value=\"\" \/>\n\n\t\t\t\n\t\t\t<div class=\"elementor-form-fields-wrapper elementor-labels-above\">\n\t\t\t\t\t\t\t\t<div class=\"elementor-field-type-checkbox elementor-field-group elementor-column elementor-field-group-name elementor-col-100\">\n\t\t\t\t\t\t\t\t\t\t\t\t<label for=\"form-field-name\" class=\"elementor-field-label\">\n\t\t\t\t\t\t\t\tQuais produtos tawk.to voc\u00ea usa?\t\t\t\t\t\t\t<\/label>\n\t\t\t\t\t\t<div class=\"elementor-field-subgroup  \"><span class=\"elementor-field-option\"><input type=\"checkbox\" value=\"Chat ao vivo\" id=\"form-field-name-0\" name=\"form_fields[name][]\"> <label for=\"form-field-name-0\">Chat ao vivo<\/label><\/span><span class=\"elementor-field-option\"><input type=\"checkbox\" value=\"P\u00e1ginas de chat\" id=\"form-field-name-1\" name=\"form_fields[name][]\"> <label for=\"form-field-name-1\">P\u00e1ginas de chat<\/label><\/span><span class=\"elementor-field-option\"><input type=\"checkbox\" value=\"Base de conhecimento\" id=\"form-field-name-2\" name=\"form_fields[name][]\"> <label for=\"form-field-name-2\">Base de conhecimento<\/label><\/span><span class=\"elementor-field-option\"><input type=\"checkbox\" value=\"Bilhetes\" id=\"form-field-name-3\" name=\"form_fields[name][]\"> <label for=\"form-field-name-3\">Bilhetes<\/label><\/span><span class=\"elementor-field-option\"><input type=\"checkbox\" value=\"Agentes contratados\" id=\"form-field-name-4\" name=\"form_fields[name][]\"> <label for=\"form-field-name-4\">Agentes contratados<\/label><\/span><span class=\"elementor-field-option\"><input type=\"checkbox\" value=\"Assistentes Virtuais\" id=\"form-field-name-5\" name=\"form_fields[name][]\"> <label for=\"form-field-name-5\">Assistentes Virtuais<\/label><\/span><\/div>\t\t\t\t<\/div>\n\t\t\t\t\t\t\t\t<div class=\"elementor-field-type-email elementor-field-group elementor-column elementor-field-group-email elementor-col-100 elementor-field-required\">\n\t\t\t\t\t\t\t\t\t\t\t\t<label for=\"form-field-email\" class=\"elementor-field-label\">\n\t\t\t\t\t\t\t\tQual \u00e9 o seu e-mail?\t\t\t\t\t\t\t<\/label>\n\t\t\t\t\t\t\t\t\t\t\t\t\t\t<input size=\"1\" type=\"email\" name=\"form_fields[email]\" id=\"form-field-email\" class=\"elementor-field elementor-size-sm  elementor-field-textual\" placeholder=\"Email\" required=\"required\">\n\t\t\t\t\t\t\t\t\t\t\t<\/div>\n\t\t\t\t\t\t\t\t<div class=\"elementor-field-type-number elementor-field-group elementor-column elementor-field-group-phone elementor-col-100\">\n\t\t\t\t\t\t\t\t\t\t\t\t<label for=\"form-field-phone\" class=\"elementor-field-label\">\n\t\t\t\t\t\t\t\tSeu melhor n\u00famero de contato (incluindo o c\u00f3digo do pa\u00eds)\t\t\t\t\t\t\t<\/label>\n\t\t\t\t\t\t\t\t\t<input type=\"number\" name=\"form_fields[phone]\" id=\"form-field-phone\" class=\"elementor-field elementor-size-sm  elementor-field-textual\" placeholder=\"N\u00famero\" min=\"\" max=\"\" >\n\t\t\t\t\t\t<\/div>\n\t\t\t\t\t\t\t\t<div class=\"elementor-field-type-url elementor-field-group elementor-column elementor-field-group-title elementor-col-100 elementor-field-required\">\n\t\t\t\t\t\t\t\t\t\t\t\t<label for=\"form-field-title\" class=\"elementor-field-label\">\n\t\t\t\t\t\t\t\tO URL do seu site\t\t\t\t\t\t\t<\/label>\n\t\t\t\t\t\t\t\t\t\t\t\t\t\t<input size=\"1\" type=\"url\" name=\"form_fields[title]\" id=\"form-field-title\" class=\"elementor-field elementor-size-sm  elementor-field-textual\" placeholder=\"Incluir http:\/\/..\" required=\"required\">\n\t\t\t\t\t\t\t\t\t\t\t<\/div>\n\t\t\t\t\t\t\t\t<div class=\"elementor-field-type-text elementor-field-group elementor-column elementor-field-group-citycountry elementor-col-100 elementor-field-required\">\n\t\t\t\t\t\t\t\t\t\t\t\t<label for=\"form-field-citycountry\" class=\"elementor-field-label\">\n\t\t\t\t\t\t\t\tSua cidade e pa\u00eds\t\t\t\t\t\t\t<\/label>\n\t\t\t\t\t\t\t\t\t\t\t\t\t\t<input size=\"1\" type=\"text\" name=\"form_fields[citycountry]\" id=\"form-field-citycountry\" class=\"elementor-field elementor-size-sm  elementor-field-textual\" placeholder=\"por exemplo: Nova York, EUA\" required=\"required\">\n\t\t\t\t\t\t\t\t\t\t\t<\/div>\n\t\t\t\t\t\t\t\t<div class=\"elementor-field-type-textarea elementor-field-group elementor-column elementor-field-group-story elementor-col-100 elementor-field-required\">\n\t\t\t\t\t\t\t\t\t\t\t\t<label for=\"form-field-story\" class=\"elementor-field-label\">\n\t\t\t\t\t\t\t\tNos conte a sua hist\u00f3ria\t\t\t\t\t\t\t<\/label>\n\t\t\t\t\t\t<textarea class=\"elementor-field-textual elementor-field  elementor-size-sm\" name=\"form_fields[story]\" id=\"form-field-story\" rows=\"4\" placeholder=\"Como voc\u00ea usou tawk.to para expandir seus neg\u00f3cios e\/ou ajudar seus clientes\" required=\"required\"><\/textarea>\t\t\t\t<\/div>\n\t\t\t\t\t\t\t\t<div class=\"elementor-field-group elementor-column elementor-field-type-submit elementor-col-100 e-form__buttons\">\n\t\t\t\t\t<button class=\"elementor-button elementor-size-sm\" type=\"submit\">\n\t\t\t\t\t\t<span class=\"elementor-button-content-wrapper\">\n\t\t\t\t\t\t\t\t\t\t\t\t\t\t\t\t\t\t\t\t\t\t<span class=\"elementor-button-text\">ENVIE SUA HIST\u00d3RIA<\/span>\n\t\t\t\t\t\t\t\t\t\t\t\t\t<\/span>\n\t\t\t\t\t<\/button>\n\t\t\t\t<\/div>\n\t\t\t<\/div>\n\t\t<\/form>\n\t\t\t\t\t\t<\/div>\n\t\t\t\t<\/div>\n\t\t\t\t\t<\/div>\n\t\t<\/div>\n\t\t\t\t\t<\/div>\n\t\t<\/section>\n\t\t\t\t<\/div>\n\t\t","protected":false},"excerpt":{"rendered":"<p>Compartilhe sua hist\u00f3ria com tawk.to Conte-nos como voc\u00ea tem usado tawk.to para expandir seus neg\u00f3cios e\/ou ajudar seus clientes https:\/\/www.youtube.com\/watch?v=tUecj7WFybwAjude a construir uma cole\u00e7\u00e3o inspiradora de hist\u00f3rias empreendedoras compartilhando um aspecto de sua jornada \u2013 podemos at\u00e9 capturar sua hist\u00f3ria em filme para compartilh\u00e1-la com os 4,5 milh\u00f5es de membros da comunidade. Estamos animados em [&hellip;]<\/p>\n","protected":false},"author":1,"featured_media":0,"parent":108159,"menu_order":0,"comment_status":"closed","ping_status":"closed","template":"","meta":{"_acf_changed":false,"footnotes":""},"class_list":["post-106938","page","type-page","status-publish","hentry"],"acf":[],"_links":{"self":[{"href":"https:\/\/www.tawk.to\/pt-br\/wp-json\/wp\/v2\/pages\/106938","targetHints":{"allow":["GET"]}}],"collection":[{"href":"https:\/\/www.tawk.to\/pt-br\/wp-json\/wp\/v2\/pages"}],"about":[{"href":"https:\/\/www.tawk.to\/pt-br\/wp-json\/wp\/v2\/types\/page"}],"author":[{"embeddable":true,"href":"https:\/\/www.tawk.to\/pt-br\/wp-json\/wp\/v2\/users\/1"}],"replies":[{"embeddable":true,"href":"https:\/\/www.tawk.to\/pt-br\/wp-json\/wp\/v2\/comments?post=106938"}],"version-history":[{"count":16,"href":"https:\/\/www.tawk.to\/pt-br\/wp-json\/wp\/v2\/pages\/106938\/revisions"}],"predecessor-version":[{"id":108466,"href":"https:\/\/www.tawk.to\/pt-br\/wp-json\/wp\/v2\/pages\/106938\/revisions\/108466"}],"up":[{"embeddable":true,"href":"https:\/\/www.tawk.to\/pt-br\/wp-json\/wp\/v2\/pages\/108159"}],"wp:attachment":[{"href":"https:\/\/www.tawk.to\/pt-br\/wp-json\/wp\/v2\/media?parent=106938"}],"curies":[{"name":"wp","href":"https:\/\/api.w.org\/{rel}","templated":true}]}}