{"id":74069,"date":"2021-02-18T14:49:29","date_gmt":"2021-02-18T14:49:29","guid":{"rendered":"https:\/\/www.tawk.to\/youre-in-great-company\/share-your-story\/"},"modified":"2022-04-11T15:03:17","modified_gmt":"2022-04-11T15:03:17","slug":"condividi-tua-storia","status":"publish","type":"page","link":"https:\/\/www.tawk.to\/it\/sei-in-ottima-compagnia\/condividi-tua-storia\/","title":{"rendered":"Condividi la tua storia tawk.to"},"content":{"rendered":"\t\t<div data-elementor-type=\"wp-page\" data-elementor-id=\"74069\" class=\"elementor elementor-74069 elementor-2236\" data-elementor-settings=\"{&quot;ha_cmc_init_switcher&quot;:&quot;no&quot;}\" data-elementor-post-type=\"page\">\n\t\t\t\t\t\t<section class=\"elementor-section elementor-top-section elementor-element elementor-element-8d14d42 elementor-section-boxed elementor-section-height-default elementor-section-height-default\" data-id=\"8d14d42\" data-element_type=\"section\" data-e-type=\"section\" data-settings=\"{&quot;_ha_eqh_enable&quot;:false}\">\n\t\t\t\t\t\t<div class=\"elementor-container elementor-column-gap-default\">\n\t\t\t\t\t<div class=\"elementor-column elementor-col-100 elementor-top-column elementor-element elementor-element-a9db20c\" data-id=\"a9db20c\" data-element_type=\"column\" data-e-type=\"column\">\n\t\t\t<div class=\"elementor-widget-wrap elementor-element-populated\">\n\t\t\t\t\t\t<div class=\"elementor-element elementor-element-8b320a8 elementor-widget elementor-widget-heading\" data-id=\"8b320a8\" data-element_type=\"widget\" data-e-type=\"widget\" data-widget_type=\"heading.default\">\n\t\t\t\t<div class=\"elementor-widget-container\">\n\t\t\t\t\t<h2 class=\"elementor-heading-title elementor-size-default\">Condividi la tua storia con tawk.to<\/h2>\t\t\t\t<\/div>\n\t\t\t\t<\/div>\n\t\t\t\t<div class=\"elementor-element elementor-element-4d89415 elementor-widget elementor-widget-heading\" data-id=\"4d89415\" data-element_type=\"widget\" data-e-type=\"widget\" data-widget_type=\"heading.default\">\n\t\t\t\t<div class=\"elementor-widget-container\">\n\t\t\t\t\t<h2 class=\"elementor-heading-title elementor-size-default\">Raccontaci come hai utilizzato tawk.to per far crescere la tua attivit\u00e0 o per aiutare i tuoi clienti<\/h2>\t\t\t\t<\/div>\n\t\t\t\t<\/div>\n\t\t\t\t\t<\/div>\n\t\t<\/div>\n\t\t\t\t\t<\/div>\n\t\t<\/section>\n\t\t\t\t<section class=\"elementor-section elementor-top-section elementor-element elementor-element-44d5a8c elementor-section-boxed elementor-section-height-default elementor-section-height-default\" data-id=\"44d5a8c\" data-element_type=\"section\" data-e-type=\"section\" data-settings=\"{&quot;_ha_eqh_enable&quot;:false}\">\n\t\t\t\t\t\t<div class=\"elementor-container elementor-column-gap-default\">\n\t\t\t\t\t<div class=\"elementor-column elementor-col-50 elementor-top-column elementor-element elementor-element-2c58478\" data-id=\"2c58478\" data-element_type=\"column\" data-e-type=\"column\">\n\t\t\t<div class=\"elementor-widget-wrap elementor-element-populated\">\n\t\t\t\t\t\t<div class=\"elementor-element elementor-element-443f7a1 elementor-widget elementor-widget-video\" data-id=\"443f7a1\" data-element_type=\"widget\" data-e-type=\"widget\" data-settings=\"{&quot;youtube_url&quot;:&quot;https:\\\/\\\/www.youtube.com\\\/watch?v=tUecj7WFybw&quot;,&quot;show_image_overlay&quot;:&quot;yes&quot;,&quot;image_overlay&quot;:{&quot;url&quot;:&quot;&quot;,&quot;id&quot;:&quot;&quot;,&quot;size&quot;:&quot;&quot;},&quot;video_type&quot;:&quot;youtube&quot;,&quot;controls&quot;:&quot;yes&quot;}\" data-widget_type=\"video.default\">\n\t\t\t\t<div class=\"elementor-widget-container\">\n\t\t\t\t\t\t\t<div class=\"elementor-wrapper elementor-open-inline\">\n\t\t\t<div class=\"elementor-video\"><\/div>\t\t<\/div>\n\t\t\t\t\t\t<\/div>\n\t\t\t\t<\/div>\n\t\t\t\t\t<\/div>\n\t\t<\/div>\n\t\t\t\t<div class=\"elementor-column elementor-col-50 elementor-top-column elementor-element elementor-element-c0daa75\" data-id=\"c0daa75\" data-element_type=\"column\" data-e-type=\"column\">\n\t\t\t<div class=\"elementor-widget-wrap elementor-element-populated\">\n\t\t\t\t\t\t<div class=\"elementor-element elementor-element-0164efd elementor-widget elementor-widget-text-editor\" data-id=\"0164efd\" data-element_type=\"widget\" data-e-type=\"widget\" data-widget_type=\"text-editor.default\">\n\t\t\t\t<div class=\"elementor-widget-container\">\n\t\t\t\t\t\t\t\t\t<p><span style=\"font-weight: 400;\">Aiutaci a costruire una raccolta stimolante di storie imprenditoriali, condividendo il tuo viaggio: possiamo persino catturare la tua storia su pellicola per condividerla con gli oltre 4.500.000 membri della nostra comunit\u00e0. Siamo entusiasti di conoscere come lavori con tawk.to per avvicinarti ai tuoi clienti. In questa sezione puoi vedere qualche esempio.<\/span><\/p><p><span style=\"font-weight: 400;\">Non ci sono regole o requisiti particolari per la tua storia \u2013 il tuo contributo non deve riguardare la messaggistica o la tua personale esperienza con tawk.to \u2013, ma sarebbe piacevole conoscere come abbia apportato miglioramenti nelle relazioni professionali con i tuoi clienti.<\/span><\/p><p><span style=\"font-weight: 400;\">Non c\u2019\u00e8 una lunghezza specifica o un limite preciso: pu\u00f2 essere breve o lunga, come preferisci. Ti invitiamo a scrivere la tua storia nella tua lingua madre e se non \u00e8 l\u2019inglese, possiamo aiutarti a tradurla.<\/span><\/p><p><span style=\"font-weight: 400;\">Dare speranza. Ispirare. Cambiare vita. Condividi e racconta al mondo<\/span> <strong>#HowITawk<\/strong><\/p>\t\t\t\t\t\t\t\t<\/div>\n\t\t\t\t<\/div>\n\t\t\t\t\t<\/div>\n\t\t<\/div>\n\t\t\t\t\t<\/div>\n\t\t<\/section>\n\t\t\t\t<section class=\"elementor-section elementor-top-section elementor-element elementor-element-b29ec98 elementor-section-boxed elementor-section-height-default elementor-section-height-default\" data-id=\"b29ec98\" data-element_type=\"section\" data-e-type=\"section\" data-settings=\"{&quot;_ha_eqh_enable&quot;:false}\">\n\t\t\t\t\t\t<div class=\"elementor-container elementor-column-gap-default\">\n\t\t\t\t\t<div class=\"elementor-column elementor-col-100 elementor-top-column elementor-element elementor-element-da6f477\" data-id=\"da6f477\" data-element_type=\"column\" data-e-type=\"column\">\n\t\t\t<div class=\"elementor-widget-wrap elementor-element-populated\">\n\t\t\t\t\t\t<div class=\"elementor-element elementor-element-a79bb59 elementor-widget elementor-widget-heading\" data-id=\"a79bb59\" data-element_type=\"widget\" data-e-type=\"widget\" data-widget_type=\"heading.default\">\n\t\t\t\t<div class=\"elementor-widget-container\">\n\t\t\t\t\t<h2 class=\"elementor-heading-title elementor-size-default\">Hai ottenuto successo con tawk.to?<\/h2>\t\t\t\t<\/div>\n\t\t\t\t<\/div>\n\t\t\t\t<div class=\"elementor-element elementor-element-7ac0a60 elementor-widget elementor-widget-heading\" data-id=\"7ac0a60\" data-element_type=\"widget\" data-e-type=\"widget\" data-widget_type=\"heading.default\">\n\t\t\t\t<div class=\"elementor-widget-container\">\n\t\t\t\t\t<h2 class=\"elementor-heading-title elementor-size-default\">Condividi la tua storia e la condivideremo con il mondo<\/h2>\t\t\t\t<\/div>\n\t\t\t\t<\/div>\n\t\t\t\t\t<\/div>\n\t\t<\/div>\n\t\t\t\t\t<\/div>\n\t\t<\/section>\n\t\t\t\t<section class=\"elementor-section elementor-top-section elementor-element elementor-element-0d07b21 elementor-section-boxed elementor-section-height-default elementor-section-height-default\" data-id=\"0d07b21\" data-element_type=\"section\" data-e-type=\"section\" data-settings=\"{&quot;_ha_eqh_enable&quot;:false}\">\n\t\t\t\t\t\t<div class=\"elementor-container elementor-column-gap-default\">\n\t\t\t\t\t<div class=\"elementor-column elementor-col-16 elementor-top-column elementor-element elementor-element-32dee25\" data-id=\"32dee25\" data-element_type=\"column\" data-e-type=\"column\">\n\t\t\t<div class=\"elementor-widget-wrap\">\n\t\t\t\t\t\t\t<\/div>\n\t\t<\/div>\n\t\t\t\t<div class=\"elementor-column elementor-col-16 elementor-top-column elementor-element elementor-element-21c4e03\" data-id=\"21c4e03\" data-element_type=\"column\" data-e-type=\"column\">\n\t\t\t<div class=\"elementor-widget-wrap elementor-element-populated\">\n\t\t\t\t\t\t<div class=\"elementor-element elementor-element-edaedbf elementor-button-align-stretch elementor-widget elementor-widget-form\" data-id=\"edaedbf\" data-element_type=\"widget\" data-e-type=\"widget\" data-settings=\"{&quot;step_next_label&quot;:&quot;Next&quot;,&quot;step_previous_label&quot;:&quot;Previous&quot;,&quot;button_width&quot;:&quot;100&quot;,&quot;step_type&quot;:&quot;number_text&quot;,&quot;step_icon_shape&quot;:&quot;circle&quot;}\" data-widget_type=\"form.default\">\n\t\t\t\t<div class=\"elementor-widget-container\">\n\t\t\t\t\t\t\t<form class=\"elementor-form\" method=\"post\" name=\"Hired Agents\" aria-label=\"Hired Agents\">\n\t\t\t<input type=\"hidden\" name=\"post_id\" value=\"74069\"\/>\n\t\t\t<input type=\"hidden\" name=\"form_id\" value=\"edaedbf\"\/>\n\t\t\t<input type=\"hidden\" name=\"referer_title\" value=\"\" \/>\n\n\t\t\t\n\t\t\t<div class=\"elementor-form-fields-wrapper elementor-labels-above\">\n\t\t\t\t\t\t\t\t<div class=\"elementor-field-type-checkbox elementor-field-group elementor-column elementor-field-group-name elementor-col-100\">\n\t\t\t\t\t\t\t\t\t\t\t\t<label for=\"form-field-name\" class=\"elementor-field-label\">\n\t\t\t\t\t\t\t\tQuale prodotto tawk.to hai utilizzato?\t\t\t\t\t\t\t<\/label>\n\t\t\t\t\t\t<div class=\"elementor-field-subgroup  \"><span class=\"elementor-field-option\"><input type=\"checkbox\" value=\"Chat dal vivo\" id=\"form-field-name-0\" name=\"form_fields[name][]\"> <label for=\"form-field-name-0\">Chat dal vivo<\/label><\/span><span class=\"elementor-field-option\"><input type=\"checkbox\" value=\"Pagine di chat\" id=\"form-field-name-1\" name=\"form_fields[name][]\"> <label for=\"form-field-name-1\">Pagine di chat<\/label><\/span><span class=\"elementor-field-option\"><input type=\"checkbox\" value=\"Guida\" id=\"form-field-name-2\" name=\"form_fields[name][]\"> <label for=\"form-field-name-2\">Guida<\/label><\/span><span class=\"elementor-field-option\"><input type=\"checkbox\" value=\"Ticketing\" id=\"form-field-name-3\" name=\"form_fields[name][]\"> <label for=\"form-field-name-3\">Ticketing<\/label><\/span><span class=\"elementor-field-option\"><input type=\"checkbox\" value=\"Assunzione di un Agente di chat\" id=\"form-field-name-4\" name=\"form_fields[name][]\"> <label for=\"form-field-name-4\">Assunzione di un Agente di chat<\/label><\/span><span class=\"elementor-field-option\"><input type=\"checkbox\" value=\"Assistenti virtuali\" id=\"form-field-name-5\" name=\"form_fields[name][]\"> <label for=\"form-field-name-5\">Assistenti virtuali<\/label><\/span><\/div>\t\t\t\t<\/div>\n\t\t\t\t\t\t\t\t<div class=\"elementor-field-type-email elementor-field-group elementor-column elementor-field-group-email elementor-col-100 elementor-field-required\">\n\t\t\t\t\t\t\t\t\t\t\t\t<label for=\"form-field-email\" class=\"elementor-field-label\">\n\t\t\t\t\t\t\t\tQual \u00e8 il tuo indirizzo email?\t\t\t\t\t\t\t<\/label>\n\t\t\t\t\t\t\t\t\t\t\t\t\t\t<input size=\"1\" type=\"email\" name=\"form_fields[email]\" id=\"form-field-email\" class=\"elementor-field elementor-size-sm  elementor-field-textual\" placeholder=\"Email\" required=\"required\">\n\t\t\t\t\t\t\t\t\t\t\t<\/div>\n\t\t\t\t\t\t\t\t<div class=\"elementor-field-type-number elementor-field-group elementor-column elementor-field-group-phone elementor-col-100\">\n\t\t\t\t\t\t\t\t\t\t\t\t<label for=\"form-field-phone\" class=\"elementor-field-label\">\n\t\t\t\t\t\t\t\tIl tuo contatto migliore (incluso il prefisso)\t\t\t\t\t\t\t<\/label>\n\t\t\t\t\t\t\t\t\t<input type=\"number\" name=\"form_fields[phone]\" id=\"form-field-phone\" class=\"elementor-field elementor-size-sm  elementor-field-textual\" placeholder=\"Numero di telefono\" min=\"\" max=\"\" >\n\t\t\t\t\t\t<\/div>\n\t\t\t\t\t\t\t\t<div class=\"elementor-field-type-url elementor-field-group elementor-column elementor-field-group-title elementor-col-100 elementor-field-required\">\n\t\t\t\t\t\t\t\t\t\t\t\t<label for=\"form-field-title\" class=\"elementor-field-label\">\n\t\t\t\t\t\t\t\tL\u2019URL del tuo sito web\t\t\t\t\t\t\t<\/label>\n\t\t\t\t\t\t\t\t\t\t\t\t\t\t<input size=\"1\" type=\"url\" name=\"form_fields[title]\" id=\"form-field-title\" class=\"elementor-field elementor-size-sm  elementor-field-textual\" placeholder=\"Includi https:\/\/..\" required=\"required\">\n\t\t\t\t\t\t\t\t\t\t\t<\/div>\n\t\t\t\t\t\t\t\t<div class=\"elementor-field-type-text elementor-field-group elementor-column elementor-field-group-citycountry elementor-col-100 elementor-field-required\">\n\t\t\t\t\t\t\t\t\t\t\t\t<label for=\"form-field-citycountry\" class=\"elementor-field-label\">\n\t\t\t\t\t\t\t\tLa tua citt\u00e0 e il Paese\t\t\t\t\t\t\t<\/label>\n\t\t\t\t\t\t\t\t\t\t\t\t\t\t<input size=\"1\" type=\"text\" name=\"form_fields[citycountry]\" id=\"form-field-citycountry\" class=\"elementor-field elementor-size-sm  elementor-field-textual\" placeholder=\"Esempio: New York, Stati Uniti\" required=\"required\">\n\t\t\t\t\t\t\t\t\t\t\t<\/div>\n\t\t\t\t\t\t\t\t<div class=\"elementor-field-type-textarea elementor-field-group elementor-column elementor-field-group-story elementor-col-100 elementor-field-required\">\n\t\t\t\t\t\t\t\t\t\t\t\t<label for=\"form-field-story\" class=\"elementor-field-label\">\n\t\t\t\t\t\t\t\tRaccontaci la tua storia\t\t\t\t\t\t\t<\/label>\n\t\t\t\t\t\t<textarea class=\"elementor-field-textual elementor-field  elementor-size-sm\" name=\"form_fields[story]\" id=\"form-field-story\" rows=\"4\" placeholder=\"Come hai utilizzato tawk.to per far crescere la tua attivit\u00e0 o per aiutare i tuoi clienti\" required=\"required\"><\/textarea>\t\t\t\t<\/div>\n\t\t\t\t\t\t\t\t<div class=\"elementor-field-group elementor-column elementor-field-type-submit elementor-col-100 e-form__buttons\">\n\t\t\t\t\t<button class=\"elementor-button elementor-size-sm\" type=\"submit\">\n\t\t\t\t\t\t<span class=\"elementor-button-content-wrapper\">\n\t\t\t\t\t\t\t\t\t\t\t\t\t\t\t\t\t\t\t\t\t\t<span class=\"elementor-button-text\">INVIA LA TUA STORIA<\/span>\n\t\t\t\t\t\t\t\t\t\t\t\t\t<\/span>\n\t\t\t\t\t<\/button>\n\t\t\t\t<\/div>\n\t\t\t<\/div>\n\t\t<\/form>\n\t\t\t\t\t\t<\/div>\n\t\t\t\t<\/div>\n\t\t\t\t\t<\/div>\n\t\t<\/div>\n\t\t\t\t<div class=\"elementor-column elementor-col-66 elementor-top-column elementor-element elementor-element-3a5d3ac\" data-id=\"3a5d3ac\" data-element_type=\"column\" data-e-type=\"column\">\n\t\t\t<div class=\"elementor-widget-wrap\">\n\t\t\t\t\t\t\t<\/div>\n\t\t<\/div>\n\t\t\t\t\t<\/div>\n\t\t<\/section>\n\t\t\t\t<section class=\"elementor-section elementor-top-section elementor-element elementor-element-d016041 elementor-section-boxed elementor-section-height-default elementor-section-height-default\" data-id=\"d016041\" data-element_type=\"section\" data-e-type=\"section\" data-settings=\"{&quot;_ha_eqh_enable&quot;:false}\">\n\t\t\t\t\t\t<div class=\"elementor-container elementor-column-gap-default\">\n\t\t\t\t\t<div class=\"elementor-column elementor-col-100 elementor-top-column elementor-element elementor-element-bd4ab62\" data-id=\"bd4ab62\" data-element_type=\"column\" data-e-type=\"column\">\n\t\t\t<div class=\"elementor-widget-wrap elementor-element-populated\">\n\t\t\t\t\t\t<div class=\"elementor-element elementor-element-ed68870 elementor-widget elementor-widget-spacer\" data-id=\"ed68870\" data-element_type=\"widget\" data-e-type=\"widget\" data-widget_type=\"spacer.default\">\n\t\t\t\t<div class=\"elementor-widget-container\">\n\t\t\t\t\t\t\t<div class=\"elementor-spacer\">\n\t\t\t<div class=\"elementor-spacer-inner\"><\/div>\n\t\t<\/div>\n\t\t\t\t\t\t<\/div>\n\t\t\t\t<\/div>\n\t\t\t\t\t<\/div>\n\t\t<\/div>\n\t\t\t\t\t<\/div>\n\t\t<\/section>\n\t\t\t\t<\/div>\n\t\t","protected":false},"excerpt":{"rendered":"<p>Condividi la tua storia con tawk.to Raccontaci come hai utilizzato tawk.to per far crescere la tua attivit\u00e0 o per aiutare i tuoi clienti https:\/\/www.youtube.com\/watch?v=tUecj7WFybw Aiutaci a costruire una raccolta stimolante di storie imprenditoriali, condividendo il tuo viaggio: possiamo persino catturare la tua storia su pellicola per condividerla con gli oltre 4.500.000 membri della nostra comunit\u00e0. [&hellip;]<\/p>\n","protected":false},"author":1,"featured_media":0,"parent":71128,"menu_order":0,"comment_status":"closed","ping_status":"closed","template":"","meta":{"_acf_changed":false,"footnotes":""},"class_list":["post-74069","page","type-page","status-publish","hentry"],"acf":[],"_links":{"self":[{"href":"https:\/\/www.tawk.to\/it\/wp-json\/wp\/v2\/pages\/74069","targetHints":{"allow":["GET"]}}],"collection":[{"href":"https:\/\/www.tawk.to\/it\/wp-json\/wp\/v2\/pages"}],"about":[{"href":"https:\/\/www.tawk.to\/it\/wp-json\/wp\/v2\/types\/page"}],"author":[{"embeddable":true,"href":"https:\/\/www.tawk.to\/it\/wp-json\/wp\/v2\/users\/1"}],"replies":[{"embeddable":true,"href":"https:\/\/www.tawk.to\/it\/wp-json\/wp\/v2\/comments?post=74069"}],"version-history":[{"count":8,"href":"https:\/\/www.tawk.to\/it\/wp-json\/wp\/v2\/pages\/74069\/revisions"}],"predecessor-version":[{"id":102123,"href":"https:\/\/www.tawk.to\/it\/wp-json\/wp\/v2\/pages\/74069\/revisions\/102123"}],"up":[{"embeddable":true,"href":"https:\/\/www.tawk.to\/it\/wp-json\/wp\/v2\/pages\/71128"}],"wp:attachment":[{"href":"https:\/\/www.tawk.to\/it\/wp-json\/wp\/v2\/media?parent=74069"}],"curies":[{"name":"wp","href":"https:\/\/api.w.org\/{rel}","templated":true}]}}