{"id":99606,"date":"2022-03-08T22:05:51","date_gmt":"2022-03-08T22:05:51","guid":{"rendered":"https:\/\/www.tawk.to\/mobile-apps\/"},"modified":"2022-03-08T22:21:43","modified_gmt":"2022-03-08T22:21:43","slug":"mobile-apps","status":"publish","type":"page","link":"https:\/\/www.tawk.to\/fr\/mobile-apps\/","title":{"rendered":"Mobile Apps"},"content":{"rendered":"\t\t<div data-elementor-type=\"wp-page\" data-elementor-id=\"99606\" class=\"elementor elementor-99606 elementor-43889\" data-elementor-settings=\"{&quot;ha_cmc_init_switcher&quot;:&quot;no&quot;}\" data-elementor-post-type=\"page\">\n\t\t\t\t\t\t<section class=\"elementor-section elementor-top-section elementor-element elementor-element-7921369 elementor-section-boxed elementor-section-height-default elementor-section-height-default\" data-id=\"7921369\" data-element_type=\"section\" data-e-type=\"section\" data-settings=\"{&quot;_ha_eqh_enable&quot;:false}\">\n\t\t\t\t\t\t<div class=\"elementor-container elementor-column-gap-default\">\n\t\t\t\t\t<div class=\"elementor-column elementor-col-100 elementor-top-column elementor-element elementor-element-475c210\" data-id=\"475c210\" data-element_type=\"column\" data-e-type=\"column\">\n\t\t\t<div class=\"elementor-widget-wrap elementor-element-populated\">\n\t\t\t\t\t\t<div class=\"elementor-element elementor-element-78390c8 elementor-widget elementor-widget-heading\" data-id=\"78390c8\" data-element_type=\"widget\" data-e-type=\"widget\" data-widget_type=\"heading.default\">\n\t\t\t\t<div class=\"elementor-widget-container\">\n\t\t\t\t\t<h1 class=\"elementor-heading-title elementor-size-default\">Envoyez un message \u00e0 vos clients de n'importe o\u00f9<\/h1>\t\t\t\t<\/div>\n\t\t\t\t<\/div>\n\t\t\t\t<div class=\"elementor-element elementor-element-2da47e2 elementor-widget elementor-widget-heading\" data-id=\"2da47e2\" data-element_type=\"widget\" data-e-type=\"widget\" data-widget_type=\"heading.default\">\n\t\t\t\t<div class=\"elementor-widget-container\">\n\t\t\t\t\t<h6 class=\"elementor-heading-title elementor-size-default\">Offrez un service rapide et personnalis\u00e9 m\u00eame si vous n'\u00eates pas sur votre bureau\n<\/h6>\t\t\t\t<\/div>\n\t\t\t\t<\/div>\n\t\t\t\t\t<\/div>\n\t\t<\/div>\n\t\t\t\t\t<\/div>\n\t\t<\/section>\n\t\t\t\t<section class=\"elementor-section elementor-top-section elementor-element elementor-element-4d0a88c elementor-section-boxed elementor-section-height-default elementor-section-height-default\" data-id=\"4d0a88c\" data-element_type=\"section\" data-e-type=\"section\" data-settings=\"{&quot;_ha_eqh_enable&quot;:false}\">\n\t\t\t\t\t\t<div class=\"elementor-container elementor-column-gap-default\">\n\t\t\t\t\t<div class=\"elementor-column elementor-col-25 elementor-top-column elementor-element elementor-element-cc01bf0\" data-id=\"cc01bf0\" data-element_type=\"column\" data-e-type=\"column\">\n\t\t\t<div class=\"elementor-widget-wrap\">\n\t\t\t\t\t\t\t<\/div>\n\t\t<\/div>\n\t\t\t\t<div class=\"elementor-column elementor-col-25 elementor-top-column elementor-element elementor-element-c0136c8\" data-id=\"c0136c8\" data-element_type=\"column\" data-e-type=\"column\">\n\t\t\t<div class=\"elementor-widget-wrap elementor-element-populated\">\n\t\t\t\t\t\t<div class=\"elementor-element elementor-element-9163663 elementor-widget elementor-widget-image\" data-id=\"9163663\" data-element_type=\"widget\" data-e-type=\"widget\" data-widget_type=\"image.default\">\n\t\t\t\t<div class=\"elementor-widget-container\">\n\t\t\t\t\t\t\t\t\t\t\t\t\t\t\t\t<a href=\"https:\/\/play.google.com\/store\/apps\/details?id=to.tawk.android\" target=\"_blank\">\n\t\t\t\t\t\t\t<img decoding=\"async\" width=\"135\" height=\"40\" src=\"https:\/\/www.tawk.to\/wp-content\/uploads\/2020\/04\/play-get-on.png\" class=\"attachment-large size-large wp-image-99609\" alt=\"\" \/>\t\t\t\t\t\t\t\t<\/a>\n\t\t\t\t\t\t\t\t\t\t\t\t\t\t\t<\/div>\n\t\t\t\t<\/div>\n\t\t\t\t\t<\/div>\n\t\t<\/div>\n\t\t\t\t<div class=\"elementor-column elementor-col-25 elementor-top-column elementor-element elementor-element-3545587\" data-id=\"3545587\" data-element_type=\"column\" data-e-type=\"column\">\n\t\t\t<div class=\"elementor-widget-wrap elementor-element-populated\">\n\t\t\t\t\t\t<div class=\"elementor-element elementor-element-5ee3d07 elementor-widget elementor-widget-image\" data-id=\"5ee3d07\" data-element_type=\"widget\" data-e-type=\"widget\" data-widget_type=\"image.default\">\n\t\t\t\t<div class=\"elementor-widget-container\">\n\t\t\t\t\t\t\t\t\t\t\t\t\t\t\t\t<a href=\"https:\/\/itunes.apple.com\/app\/tawk.to\/id907458277?mt=8\" target=\"_blank\">\n\t\t\t\t\t\t\t<img decoding=\"async\" width=\"135\" height=\"40\" src=\"https:\/\/www.tawk.to\/wp-content\/uploads\/2020\/04\/badge-lrg-1.png\" class=\"attachment-full size-full wp-image-99608\" alt=\"Visit App Store\" \/>\t\t\t\t\t\t\t\t<\/a>\n\t\t\t\t\t\t\t\t\t\t\t\t\t\t\t<\/div>\n\t\t\t\t<\/div>\n\t\t\t\t\t<\/div>\n\t\t<\/div>\n\t\t\t\t<div class=\"elementor-column elementor-col-25 elementor-top-column elementor-element elementor-element-9e2ca6d\" data-id=\"9e2ca6d\" data-element_type=\"column\" data-e-type=\"column\">\n\t\t\t<div class=\"elementor-widget-wrap\">\n\t\t\t\t\t\t\t<\/div>\n\t\t<\/div>\n\t\t\t\t\t<\/div>\n\t\t<\/section>\n\t\t\t\t<section class=\"elementor-section elementor-top-section elementor-element elementor-element-986efab elementor-section-boxed elementor-section-height-default elementor-section-height-default\" data-id=\"986efab\" data-element_type=\"section\" data-e-type=\"section\" data-settings=\"{&quot;background_background&quot;:&quot;classic&quot;,&quot;_ha_eqh_enable&quot;:false}\">\n\t\t\t\t\t\t<div class=\"elementor-container elementor-column-gap-default\">\n\t\t\t\t\t<div class=\"elementor-column elementor-col-25 elementor-top-column elementor-element elementor-element-9f3df97\" data-id=\"9f3df97\" data-element_type=\"column\" data-e-type=\"column\">\n\t\t\t<div class=\"elementor-widget-wrap\">\n\t\t\t\t\t\t\t<\/div>\n\t\t<\/div>\n\t\t\t\t<div class=\"elementor-column elementor-col-25 elementor-top-column elementor-element elementor-element-68e409c\" data-id=\"68e409c\" data-element_type=\"column\" data-e-type=\"column\">\n\t\t\t<div class=\"elementor-widget-wrap elementor-element-populated\">\n\t\t\t\t\t\t<div class=\"elementor-element elementor-element-2043992 elementor-widget elementor-widget-image\" data-id=\"2043992\" data-element_type=\"widget\" data-e-type=\"widget\" data-widget_type=\"image.default\">\n\t\t\t\t<div class=\"elementor-widget-container\">\n\t\t\t\t\t\t\t\t\t\t\t\t\t\t\t<img fetchpriority=\"high\" decoding=\"async\" width=\"540\" height=\"960\" src=\"https:\/\/www.tawk.to\/wp-content\/uploads\/2018\/03\/android-mobile.jpg\" class=\"attachment-large size-large wp-image-7111\" alt=\"\" \/>\t\t\t\t\t\t\t\t\t\t\t\t\t\t\t<\/div>\n\t\t\t\t<\/div>\n\t\t\t\t\t<\/div>\n\t\t<\/div>\n\t\t\t\t<div class=\"elementor-column elementor-col-25 elementor-top-column elementor-element elementor-element-b9cf590\" data-id=\"b9cf590\" data-element_type=\"column\" data-e-type=\"column\">\n\t\t\t<div class=\"elementor-widget-wrap\">\n\t\t\t\t\t\t\t<\/div>\n\t\t<\/div>\n\t\t\t\t<div class=\"elementor-column elementor-col-25 elementor-top-column elementor-element elementor-element-f24b432\" data-id=\"f24b432\" data-element_type=\"column\" data-e-type=\"column\">\n\t\t\t<div class=\"elementor-widget-wrap elementor-element-populated\">\n\t\t\t\t\t\t<div class=\"elementor-element elementor-element-f8916ea elementor-widget elementor-widget-heading\" data-id=\"f8916ea\" data-element_type=\"widget\" data-e-type=\"widget\" data-widget_type=\"heading.default\">\n\t\t\t\t<div class=\"elementor-widget-container\">\n\t\t\t\t\t<h3 class=\"elementor-heading-title elementor-size-default\">R\u00e9pondez aux chats entrants et r\u00e9pondez aux tickets.<\/h3>\t\t\t\t<\/div>\n\t\t\t\t<\/div>\n\t\t\t\t<div class=\"elementor-element elementor-element-59f9cd8 elementor-widget elementor-widget-text-editor\" data-id=\"59f9cd8\" data-element_type=\"widget\" data-e-type=\"widget\" data-widget_type=\"text-editor.default\">\n\t\t\t\t<div class=\"elementor-widget-container\">\n\t\t\t\t\t\t\t\t\tLes applications mobiles tawk.to pour <a href=\"https:\/\/itunes.apple.com\/app\/tawk.to\/id907458277?mt=8\" target=\"_blank\" rel=\"noopener noreferrer\">iOS<\/a> et <a href=\"https:\/\/play.google.com\/store\/apps\/details?id=to.tawk.android\" target=\"_blank\" rel=\"noopener noreferrer\">Android<\/a> vous aideront \u00e0 discuter avec les clients ou r\u00e9pondre aux tickets peu importe o\u00f9 vous \u00eates.\n\nSi vous souhaitez rester sur le mobile pendant le travail, ces applications sont faites pour vous.\t\t\t\t\t\t\t\t<\/div>\n\t\t\t\t<\/div>\n\t\t\t\t\t<\/div>\n\t\t<\/div>\n\t\t\t\t\t<\/div>\n\t\t<\/section>\n\t\t\t\t<\/div>\n\t\t","protected":false},"excerpt":{"rendered":"<p>Envoyez un message \u00e0 vos clients de n&rsquo;importe o\u00f9 Offrez un service rapide et personnalis\u00e9 m\u00eame si vous n&rsquo;\u00eates pas sur votre bureau R\u00e9pondez aux chats entrants et r\u00e9pondez aux tickets. Les applications mobiles tawk.to pour iOS et Android vous aideront \u00e0 discuter avec les clients ou r\u00e9pondre aux tickets peu importe o\u00f9 vous \u00eates. [&hellip;]<\/p>\n","protected":false},"author":1,"featured_media":0,"parent":0,"menu_order":0,"comment_status":"closed","ping_status":"closed","template":"elementor_header_footer","meta":{"_acf_changed":false,"footnotes":""},"class_list":["post-99606","page","type-page","status-publish","hentry"],"acf":[],"_links":{"self":[{"href":"https:\/\/www.tawk.to\/fr\/wp-json\/wp\/v2\/pages\/99606","targetHints":{"allow":["GET"]}}],"collection":[{"href":"https:\/\/www.tawk.to\/fr\/wp-json\/wp\/v2\/pages"}],"about":[{"href":"https:\/\/www.tawk.to\/fr\/wp-json\/wp\/v2\/types\/page"}],"author":[{"embeddable":true,"href":"https:\/\/www.tawk.to\/fr\/wp-json\/wp\/v2\/users\/1"}],"replies":[{"embeddable":true,"href":"https:\/\/www.tawk.to\/fr\/wp-json\/wp\/v2\/comments?post=99606"}],"version-history":[{"count":4,"href":"https:\/\/www.tawk.to\/fr\/wp-json\/wp\/v2\/pages\/99606\/revisions"}],"predecessor-version":[{"id":99620,"href":"https:\/\/www.tawk.to\/fr\/wp-json\/wp\/v2\/pages\/99606\/revisions\/99620"}],"wp:attachment":[{"href":"https:\/\/www.tawk.to\/fr\/wp-json\/wp\/v2\/media?parent=99606"}],"curies":[{"name":"wp","href":"https:\/\/api.w.org\/{rel}","templated":true}]}}