{"id":76916,"date":"2021-03-18T11:17:01","date_gmt":"2021-03-18T11:17:01","guid":{"rendered":"https:\/\/www.tawk.to\/www-tawk-to-for-mac-os-x\/"},"modified":"2021-03-18T11:22:21","modified_gmt":"2021-03-18T11:22:21","slug":"www-tawk-to-for-mac-os-x","status":"publish","type":"page","link":"https:\/\/www.tawk.to\/es\/www-tawk-to-for-mac-os-x\/","title":{"rendered":"tawk.to para Mac OS X"},"content":{"rendered":"\t\t<div data-elementor-type=\"wp-page\" data-elementor-id=\"76916\" class=\"elementor elementor-76916 elementor-743\" data-elementor-settings=\"{&quot;ha_cmc_init_switcher&quot;:&quot;no&quot;}\" data-elementor-post-type=\"page\">\n\t\t\t\t\t\t<section class=\"elementor-section elementor-top-section elementor-element elementor-element-dd32783 elementor-section-boxed elementor-section-height-default elementor-section-height-default\" data-id=\"dd32783\" data-element_type=\"section\" data-e-type=\"section\" data-settings=\"{&quot;_ha_eqh_enable&quot;:false}\">\n\t\t\t\t\t\t<div class=\"elementor-container elementor-column-gap-default\">\n\t\t\t\t\t<div class=\"elementor-column elementor-col-100 elementor-top-column elementor-element elementor-element-1df3803\" data-id=\"1df3803\" data-element_type=\"column\" data-e-type=\"column\">\n\t\t\t<div class=\"elementor-widget-wrap\">\n\t\t\t\t\t\t\t<\/div>\n\t\t<\/div>\n\t\t\t\t\t<\/div>\n\t\t<\/section>\n\t\t\t\t<section class=\"elementor-section elementor-top-section elementor-element elementor-element-4195705 elementor-section-boxed elementor-section-height-default elementor-section-height-default\" data-id=\"4195705\" data-element_type=\"section\" data-e-type=\"section\" data-settings=\"{&quot;_ha_eqh_enable&quot;:false}\">\n\t\t\t\t\t\t<div class=\"elementor-container elementor-column-gap-default\">\n\t\t\t\t\t<div class=\"elementor-column elementor-col-100 elementor-top-column elementor-element elementor-element-bd5ab11\" data-id=\"bd5ab11\" data-element_type=\"column\" data-e-type=\"column\">\n\t\t\t<div class=\"elementor-widget-wrap elementor-element-populated\">\n\t\t\t\t\t\t<div class=\"elementor-element elementor-element-d80cb44 elementor-widget elementor-widget-heading\" data-id=\"d80cb44\" data-element_type=\"widget\" data-e-type=\"widget\" data-widget_type=\"heading.default\">\n\t\t\t\t<div class=\"elementor-widget-container\">\n\t\t\t\t\t<h1 class=\"elementor-heading-title elementor-size-default\">Instala la aplicaci\u00f3n gratuita tawk.to para Mac OS X<\/h1>\t\t\t\t<\/div>\n\t\t\t\t<\/div>\n\t\t\t\t<div class=\"elementor-element elementor-element-ba4db1b elementor-widget elementor-widget-heading\" data-id=\"ba4db1b\" data-element_type=\"widget\" data-e-type=\"widget\" data-widget_type=\"heading.default\">\n\t\t\t\t<div class=\"elementor-widget-container\">\n\t\t\t\t\t<h6 class=\"elementor-heading-title elementor-size-default\">Sorprende a los visitantes de tu sitio web con asistencia instant\u00e1nea en l\u00ednea<\/h6>\t\t\t\t<\/div>\n\t\t\t\t<\/div>\n\t\t\t\t\t<\/div>\n\t\t<\/div>\n\t\t\t\t\t<\/div>\n\t\t<\/section>\n\t\t\t\t<section class=\"elementor-section elementor-top-section elementor-element elementor-element-18beb41 elementor-section-boxed elementor-section-height-default elementor-section-height-default\" data-id=\"18beb41\" data-element_type=\"section\" data-e-type=\"section\" data-settings=\"{&quot;_ha_eqh_enable&quot;:false}\">\n\t\t\t\t\t\t<div class=\"elementor-container elementor-column-gap-default\">\n\t\t\t\t\t<div class=\"elementor-column elementor-col-100 elementor-top-column elementor-element elementor-element-e214dca\" data-id=\"e214dca\" data-element_type=\"column\" data-e-type=\"column\">\n\t\t\t<div class=\"elementor-widget-wrap elementor-element-populated\">\n\t\t\t\t\t\t<div class=\"elementor-element elementor-element-2f244bf elementor-align-center elementor-widget elementor-widget-button\" data-id=\"2f244bf\" data-element_type=\"widget\" data-e-type=\"widget\" data-widget_type=\"button.default\">\n\t\t\t\t<div class=\"elementor-widget-container\">\n\t\t\t\t\t\t\t\t\t<div class=\"elementor-button-wrapper\">\n\t\t\t\t\t<a class=\"elementor-button elementor-button-link elementor-size-md elementor-animation-grow\" href=\"https:\/\/itunes.apple.com\/us\/app\/tawk.to\/id985584499?ls=1&#038;mt=12\">\n\t\t\t\t\t\t<span class=\"elementor-button-content-wrapper\">\n\t\t\t\t\t\t\t\t\t<span class=\"elementor-button-text\">Obtiene la aplicaci\u00f3n para Mac<\/span>\n\t\t\t\t\t<\/span>\n\t\t\t\t\t<\/a>\n\t\t\t\t<\/div>\n\t\t\t\t\t\t\t\t<\/div>\n\t\t\t\t<\/div>\n\t\t\t\t\t<\/div>\n\t\t<\/div>\n\t\t\t\t\t<\/div>\n\t\t<\/section>\n\t\t\t\t<section class=\"elementor-section elementor-top-section elementor-element elementor-element-cadcffc elementor-section-boxed elementor-section-height-default elementor-section-height-default\" data-id=\"cadcffc\" data-element_type=\"section\" data-e-type=\"section\" data-settings=\"{&quot;_ha_eqh_enable&quot;:false}\">\n\t\t\t\t\t\t<div class=\"elementor-container elementor-column-gap-default\">\n\t\t\t\t\t<div class=\"elementor-column elementor-col-100 elementor-top-column elementor-element elementor-element-6149b5b\" data-id=\"6149b5b\" data-element_type=\"column\" data-e-type=\"column\">\n\t\t\t<div class=\"elementor-widget-wrap elementor-element-populated\">\n\t\t\t\t\t\t<div class=\"elementor-element elementor-element-f5f238b elementor-widget elementor-widget-image\" data-id=\"f5f238b\" data-element_type=\"widget\" data-e-type=\"widget\" data-widget_type=\"image.default\">\n\t\t\t\t<div class=\"elementor-widget-container\">\n\t\t\t\t\t\t\t\t\t\t\t\t\t\t\t<img fetchpriority=\"high\" decoding=\"async\" width=\"800\" height=\"460\" src=\"https:\/\/www.tawk.to\/wp-content\/uploads\/2021\/03\/image2-1024x589.png\" class=\"attachment-large size-large wp-image-76920\" alt=\"\" srcset=\"https:\/\/www.tawk.to\/wp-content\/uploads\/2021\/03\/image2-1024x589.png 1024w, https:\/\/www.tawk.to\/wp-content\/uploads\/2021\/03\/image2-300x173.png 300w, https:\/\/www.tawk.to\/wp-content\/uploads\/2021\/03\/image2-768x442.png 768w, https:\/\/www.tawk.to\/wp-content\/uploads\/2021\/03\/image2-1536x884.png 1536w, https:\/\/www.tawk.to\/wp-content\/uploads\/2021\/03\/image2.png 1695w\" sizes=\"(max-width: 800px) 100vw, 800px\" \/>\t\t\t\t\t\t\t\t\t\t\t\t\t\t\t<\/div>\n\t\t\t\t<\/div>\n\t\t\t\t\t<\/div>\n\t\t<\/div>\n\t\t\t\t\t<\/div>\n\t\t<\/section>\n\t\t\t\t<section class=\"elementor-section elementor-top-section elementor-element elementor-element-606dfb0 elementor-section-boxed elementor-section-height-default elementor-section-height-default\" data-id=\"606dfb0\" data-element_type=\"section\" data-e-type=\"section\" data-settings=\"{&quot;_ha_eqh_enable&quot;:false}\">\n\t\t\t\t\t\t<div class=\"elementor-container elementor-column-gap-default\">\n\t\t\t\t\t<div class=\"elementor-column elementor-col-100 elementor-top-column elementor-element elementor-element-1e66e8d\" data-id=\"1e66e8d\" data-element_type=\"column\" data-e-type=\"column\">\n\t\t\t<div class=\"elementor-widget-wrap elementor-element-populated\">\n\t\t\t\t\t\t<div class=\"elementor-element elementor-element-5c7a34a elementor-align-center elementor-widget elementor-widget-button\" data-id=\"5c7a34a\" data-element_type=\"widget\" data-e-type=\"widget\" data-widget_type=\"button.default\">\n\t\t\t\t<div class=\"elementor-widget-container\">\n\t\t\t\t\t\t\t\t\t<div class=\"elementor-button-wrapper\">\n\t\t\t\t\t<a class=\"elementor-button elementor-button-link elementor-size-md elementor-animation-grow\" href=\"https:\/\/itunes.apple.com\/us\/app\/tawk.to\/id985584499?ls=1&#038;mt=12\">\n\t\t\t\t\t\t<span class=\"elementor-button-content-wrapper\">\n\t\t\t\t\t\t\t\t\t<span class=\"elementor-button-text\">Obtiene la aplicaci\u00f3n para Mac<\/span>\n\t\t\t\t\t<\/span>\n\t\t\t\t\t<\/a>\n\t\t\t\t<\/div>\n\t\t\t\t\t\t\t\t<\/div>\n\t\t\t\t<\/div>\n\t\t\t\t\t<\/div>\n\t\t<\/div>\n\t\t\t\t\t<\/div>\n\t\t<\/section>\n\t\t\t\t<\/div>\n\t\t","protected":false},"excerpt":{"rendered":"<p>Instala la aplicaci\u00f3n gratuita tawk.to para Mac OS X Sorprende a los visitantes de tu sitio web con asistencia instant\u00e1nea en l\u00ednea Obtiene la aplicaci\u00f3n para Mac Obtiene la aplicaci\u00f3n para Mac<\/p>\n","protected":false},"author":1,"featured_media":0,"parent":0,"menu_order":0,"comment_status":"open","ping_status":"closed","template":"elementor_header_footer","meta":{"_acf_changed":false,"footnotes":""},"class_list":["post-76916","page","type-page","status-publish","hentry"],"acf":[],"_links":{"self":[{"href":"https:\/\/www.tawk.to\/es\/wp-json\/wp\/v2\/pages\/76916","targetHints":{"allow":["GET"]}}],"collection":[{"href":"https:\/\/www.tawk.to\/es\/wp-json\/wp\/v2\/pages"}],"about":[{"href":"https:\/\/www.tawk.to\/es\/wp-json\/wp\/v2\/types\/page"}],"author":[{"embeddable":true,"href":"https:\/\/www.tawk.to\/es\/wp-json\/wp\/v2\/users\/1"}],"replies":[{"embeddable":true,"href":"https:\/\/www.tawk.to\/es\/wp-json\/wp\/v2\/comments?post=76916"}],"version-history":[{"count":6,"href":"https:\/\/www.tawk.to\/es\/wp-json\/wp\/v2\/pages\/76916\/revisions"}],"predecessor-version":[{"id":76928,"href":"https:\/\/www.tawk.to\/es\/wp-json\/wp\/v2\/pages\/76916\/revisions\/76928"}],"wp:attachment":[{"href":"https:\/\/www.tawk.to\/es\/wp-json\/wp\/v2\/media?parent=76916"}],"curies":[{"name":"wp","href":"https:\/\/api.w.org\/{rel}","templated":true}]}}